{"id":257,"date":"2016-05-01T22:56:22","date_gmt":"2016-05-01T20:56:22","guid":{"rendered":"http:\/\/ubytovanie-fortuna.sk\/?page_id=257"},"modified":"2020-06-07T18:00:54","modified_gmt":"2020-06-07T16:00:54","slug":"sport-turistika-zima","status":"publish","type":"page","link":"https:\/\/ubytovanie-fortuna.sk\/sk\/sport-turistika-zima\/","title":{"rendered":"Zimn\u00e9 aktivity"},"content":{"rendered":"<p><\/p>\n<h2>Zima a zimn\u00e9 aktivity<\/h2>\n<div tabindex=\"0\" class=\"cycloneslider cycloneslider-template-standard cycloneslider-width-responsive\" id=\"cycloneslider-zimne-aktivity-1\" style=\"max-width:1920px\" > <div class=\"cycloneslider-slides cycle-slideshow\" data-cycle-allow-wrap=\"true\" data-cycle-dynamic-height=\"off\" data-cycle-auto-height=\"1920:1080\" data-cycle-auto-height-easing=\"null\" data-cycle-auto-height-speed=\"250\" data-cycle-delay=\"0\" data-cycle-easing=\"\" data-cycle-fx=\"fade\" data-cycle-hide-non-active=\"true\" data-cycle-log=\"false\" data-cycle-next=\"#cycloneslider-zimne-aktivity-1 .cycloneslider-next\" data-cycle-pager=\"#cycloneslider-zimne-aktivity-1 .cycloneslider-pager\" data-cycle-pause-on-hover=\"true\" data-cycle-prev=\"#cycloneslider-zimne-aktivity-1 .cycloneslider-prev\" data-cycle-slides=\"&gt; div\" data-cycle-speed=\"1000\" data-cycle-swipe=\"1\" data-cycle-tile-count=\"7\" data-cycle-tile-delay=\"100\" data-cycle-tile-vertical=\"true\" data-cycle-timeout=\"4000\" > <div class=\"cycloneslider-slide cycloneslider-slide-image\" > <img src=\"https:\/\/ubytovanie-fortuna.sk\/wp-content\/uploads\/2016\/06\/Chopok_-_Jasna\u0301_Ski_Resort-e1639140845852-1920x1080.jpg\" alt=\"\" title=\"\" \/> <\/div> <div class=\"cycloneslider-slide cycloneslider-slide-image\" > <img src=\"https:\/\/ubytovanie-fortuna.sk\/wp-content\/uploads\/2016\/06\/pexels-photo-54200-1920x1080.jpeg\" alt=\"\" title=\"\" \/> <\/div> <div class=\"cycloneslider-slide cycloneslider-slide-image\" > <img src=\"https:\/\/ubytovanie-fortuna.sk\/wp-content\/uploads\/2016\/05\/1445350920_jasna-ski-01-1920x1080.jpg\" alt=\"\" title=\"\" \/> <\/div> <div class=\"cycloneslider-slide cycloneslider-slide-image\" > <img src=\"https:\/\/ubytovanie-fortuna.sk\/wp-content\/uploads\/2016\/06\/pexels-photo-38082-1920x1080.jpeg\" alt=\"\" title=\"\" \/> <\/div> <div class=\"cycloneslider-slide cycloneslider-slide-image\" > <img src=\"https:\/\/ubytovanie-fortuna.sk\/wp-content\/uploads\/2016\/08\/06012009822-1920x1080.jpg\" alt=\"\" title=\"\" \/> <\/div> <div class=\"cycloneslider-slide cycloneslider-slide-image\" > <img src=\"https:\/\/ubytovanie-fortuna.sk\/wp-content\/uploads\/2016\/06\/pexels-photo-66990.jpeg\" alt=\"\" title=\"\" \/> <\/div> <div class=\"cycloneslider-slide cycloneslider-slide-image\" > <img src=\"https:\/\/ubytovanie-fortuna.sk\/wp-content\/uploads\/2016\/06\/pexels-photo-24610.jpg\" alt=\"\" title=\"\" \/> <\/div> <\/div> <div class=\"cycloneslider-pager\"><\/div> <a href=\"#\" class=\"cycloneslider-prev\"> <span class=\"arrow\"><\/span> <\/a> <a href=\"#\" class=\"cycloneslider-next\"> <span class=\"arrow\"><\/span> <\/a> <\/div>\n<h2>Jasn\u00e1 N\u00edzke Tatry<\/h2>\n<p>Najv\u00e4\u010d\u0161ie ly\u017eiarske stredisko na Slovensku s v\u00fdborn\u00fdmi podmienkami pre zimn\u00e9 \u0161porty na severnej i ju\u017enej strane Chopk. Na vrchol Chopku sa doprav\u00edte najmodernej\u0161\u00edmi lanovkami Funitel alebo\u00a015-miestnou kab\u00ednkou. Stredisko pon\u00faka 49 km perfektne upraven\u00fdch zjazdoviek r\u00f4znych obtia\u017enost\u00ed, vhodn\u00fdch pre za\u010diato\u010dn\u00edkov, rodiny s de\u0165mi, pokro\u010dil\u00fdch ly\u017eiarov a aj na usporiadanie pretekov svetovej \u00farovne. Modern\u00fd zasne\u017eovac\u00ed syst\u00e9m v d\u013a\u017eke takmer 30\u00a0km poskytuje garanciu snehu minim\u00e1lne 5 mesiacov v roku. Milovn\u00edci divokej jazdy si pr\u00eddu na svoje v mnoh\u00fdch freeridov\u00fdch z\u00f3nach a v skvelom snow parku. Ve\u010der sa v Jasnej ly\u017euje na osvetlenej\u00a0zjazdovke na lokalite\u00a0Biela P\u00fa\u0165. D\u013a\u017eka zimnej sez\u00f3ny je spravidla od za\u010diatku decembra do konca apr\u00edla. Na Chopku prem\u00e1va 30\u00a0lanoviek a vlekov s prepravnou kapacitou viac ako 30 000 os\u00f4b za hodinu.<\/p>\n<p>Zak\u00fapte si Skipas V\u00a0Penzione Fortuna a u\u0161etrite, viac inform\u00e1ci\u00ed V\u00e1m radi poskyneme osobne na na\u0161ej recepcii.<\/p>\n<h2>Malin\u00f4 Brdo ski &amp; bike park Ru\u017eomberok<\/h2>\n<p>Stredisko Ru\u017eomberok &#8211; Malin\u00f4 Brdo s podtitulom Ski &amp; Bike n\u00e1jdete v dolnom Liptove od n\u00e1s je vzdialen\u00e9 asi 23 km na \u00fap\u00e4t\u00ed pohoria Ve\u013ek\u00e1 Fatra. Je vyh\u013ead\u00e1van\u00fdm miestom oddychu nielen pre dom\u00e1cich n\u00e1v\u0161tevn\u00edkov, ale aj zahrani\u010dn\u00fdch turistov. Vstupnou br\u00e1nou do strediska je mestsk\u00e1 \u010das\u0165 Hrabovo, vzdialen\u00e1 od centra mesta iba 1 km.<\/p>\n<p><img loading=\"lazy\" class=\"activity_pic\" src=\"data:image\/gif;base64,R0lGODlhAQABAIAAAAAAAP\/\/\/yH5BAEAAAAALAAAAAABAAEAAAIBRAA7\" data-src=\"http:\/\/ubytovanie-fortuna.sk\/wp-content\/uploads\/2016\/08\/Lyz\u030ciarske-stredisko-Z\u030ciarce-300x200.jpg\" alt=\"FUN PARK \u017diarce\" width=\"300\" height=\"200\" \/><noscript><img loading=\"lazy\" class=\"activity_pic\" src=\"data:image\/gif;base64,R0lGODlhAQABAIAAAAAAAP\/\/\/yH5BAEAAAAALAAAAAABAAEAAAIBRAA7\" data-src=\"http:\/\/ubytovanie-fortuna.sk\/wp-content\/uploads\/2016\/08\/Lyz\u030ciarske-stredisko-Z\u030ciarce-300x200.jpg\" alt=\"FUN PARK \u017diarce\" width=\"300\" height=\"200\" \/><noscript><img loading=\"lazy\" class=\"activity_pic\" src=\"data:image\/gif;base64,R0lGODlhAQABAIAAAAAAAP\/\/\/yH5BAEAAAAALAAAAAABAAEAAAIBRAA7\" data-src=\"http:\/\/ubytovanie-fortuna.sk\/wp-content\/uploads\/2016\/08\/Lyz\u030ciarske-stredisko-Z\u030ciarce-300x200.jpg\" alt=\"FUN PARK \u017diarce\" width=\"300\" height=\"200\" \/><noscript><img loading=\"lazy\" class=\"activity_pic\" src=\"data:image\/gif;base64,R0lGODlhAQABAIAAAAAAAP\/\/\/yH5BAEAAAAALAAAAAABAAEAAAIBRAA7\" data-src=\"http:\/\/ubytovanie-fortuna.sk\/wp-content\/uploads\/2016\/08\/Lyz\u030ciarske-stredisko-Z\u030ciarce-300x200.jpg\" alt=\"FUN PARK \u017diarce\" width=\"300\" height=\"200\" \/><noscript><img loading=\"lazy\" class=\"activity_pic\" src=\"data:image\/gif;base64,R0lGODlhAQABAIAAAAAAAP\/\/\/yH5BAEAAAAALAAAAAABAAEAAAIBRAA7\" data-src=\"http:\/\/ubytovanie-fortuna.sk\/wp-content\/uploads\/2016\/08\/Lyz\u030ciarske-stredisko-Z\u030ciarce-300x200.jpg\" alt=\"FUN PARK \u017diarce\" width=\"300\" height=\"200\" \/><noscript><img loading=\"lazy\" class=\"activity_pic\" src=\"data:image\/gif;base64,R0lGODlhAQABAIAAAAAAAP\/\/\/yH5BAEAAAAALAAAAAABAAEAAAIBRAA7\" data-src=\"http:\/\/ubytovanie-fortuna.sk\/wp-content\/uploads\/2016\/08\/Lyz\u030ciarske-stredisko-Z\u030ciarce-300x200.jpg\" alt=\"FUN PARK \u017diarce\" width=\"300\" height=\"200\" \/><noscript><img loading=\"lazy\" class=\"activity_pic\" src=\"http:\/\/ubytovanie-fortuna.sk\/wp-content\/uploads\/2016\/08\/Lyz\u030ciarske-stredisko-Z\u030ciarce-300x200.jpg\" alt=\"FUN PARK \u017diarce\" width=\"300\" height=\"200\" \/><\/noscript><\/noscript><\/noscript><\/noscript><\/noscript><\/noscript><\/p>\n<h2>FUN PARK \u017diarce<\/h2>\n<p>Men\u0161ie ly\u017eiarske strediskoo FUN PARK \u017diarce je od n\u00e1s vzdialen\u00e9 asi 5 km. Ly\u017eiarske stredisko sa nach\u00e1dza pri vstupe do Dem\u00e4novskej doliny, v\u00a0obci Pav\u010dina Lehota. Okolie jednej z\u00a0najkraj\u0161\u00edch liptovsk\u00fdch dol\u00edn pon\u00faka \u0161irok\u00e9 mo\u017enosti ubytovania na Liptove. FUN PARK \u017diarce moment\u00e1lne pon\u00faka ly\u017eova\u010dku na 3 zjazdov\u00fdch tratiach o celkovej d\u013a\u017eke 1 130 m. Ka\u017edoro\u010dne s\u00fa v prev\u00e1dzke 2 ly\u017eiarske vleky, pri\u010dom v detskej ly\u017eiarskej \u0161k\u00f4lke sa nach\u00e1dza 1 lanov\u00fd vlek. Najmen\u0161\u00ed n\u00e1v\u0161tevn\u00edci strediska sa nau\u010dia ly\u017eova\u0165 v ly\u017eiarskej \u0161k\u00f4lke a postupne svoje ly\u017eiarske zru\u010dnosti zdokona\u013euj\u00fa na hlavnej zjazdovke. Sk\u00fasen\u00ed ly\u017eiari sa m\u00f4\u017eu vyviez\u0165 a\u017e na \u00fapln\u00fd vrch kopca, kde si okrem kr\u00e1sneho v\u00fdh\u013eadu u\u017eij\u00fa aj n\u00e1ro\u010dnej\u0161iu ly\u017eova\u010dku.<\/p>\n<p><\/p>","protected":false},"excerpt":{"rendered":"<p>Zima a zimn\u00e9 aktivity Jasn\u00e1 N\u00edzke Tatry Najv\u00e4\u010d\u0161ie ly\u017eiarske stredisko na Slovensku s v\u00fdborn\u00fdmi podmienkami pre zimn\u00e9 \u0161porty na severnej i ju\u017enej strane Chopk. Na vrchol Chopku sa doprav\u00edte najmodernej\u0161\u00edmi lanovkami Funitel alebo\u00a015-miestnou kab\u00ednkou. Stredisko pon\u00faka 49 km perfektne upraven\u00fdch zjazdoviek r\u00f4znych obtia\u017enost\u00ed, vhodn\u00fdch pre za\u010diato\u010dn\u00edkov, rodiny s de\u0165mi, pokro\u010dil\u00fdch ly\u017eiarov a aj na usporiadanie [&hellip;]<\/p>\n","protected":false},"author":3,"featured_media":0,"parent":0,"menu_order":0,"comment_status":"closed","ping_status":"closed","template":"","meta":{"_monsterinsights_skip_tracking":false,"_monsterinsights_sitenote_active":false,"_monsterinsights_sitenote_note":"","_monsterinsights_sitenote_category":0},"yoast_head":"<!-- This site is optimized with the Yoast SEO plugin v17.7.1 - https:\/\/yoast.com\/wordpress\/plugins\/seo\/ -->\n<meta name=\"robots\" content=\"index, follow, max-snippet:-1, max-image-preview:large, max-video-preview:-1\" \/>\n<link rel=\"canonical\" href=\"https:\/\/ubytovanie-fortuna.sk\/winter-activities\/\" \/>\n<meta property=\"og:locale\" content=\"sk_SK\" \/>\n<meta property=\"og:type\" content=\"article\" \/>\n<meta property=\"og:title\" content=\"Zimn\u00e9 aktivity - Penzi\u00f3n Fortuna\" \/>\n<meta property=\"og:description\" content=\"Zima a zimn\u00e9 aktivity Jasn\u00e1 N\u00edzke Tatry Najv\u00e4\u010d\u0161ie ly\u017eiarske stredisko na Slovensku s v\u00fdborn\u00fdmi podmienkami pre zimn\u00e9 \u0161porty na severnej i ju\u017enej strane Chopk. Na vrchol Chopku sa doprav\u00edte najmodernej\u0161\u00edmi lanovkami Funitel alebo\u00a015-miestnou kab\u00ednkou. Stredisko pon\u00faka 49 km perfektne upraven\u00fdch zjazdoviek r\u00f4znych obtia\u017enost\u00ed, vhodn\u00fdch pre za\u010diato\u010dn\u00edkov, rodiny s de\u0165mi, pokro\u010dil\u00fdch ly\u017eiarov a aj na usporiadanie [&hellip;]\" \/>\n<meta property=\"og:url\" content=\"https:\/\/ubytovanie-fortuna.sk\/winter-activities\/\" \/>\n<meta property=\"og:site_name\" content=\"Penzi\u00f3n Fortuna\" \/>\n<meta property=\"article:modified_time\" content=\"2020-06-07T16:00:54+00:00\" \/>\n<meta property=\"og:image\" content=\"http:\/\/ubytovanie-fortuna.sk\/wp-content\/uploads\/2016\/08\/Lyz\u030ciarske-stredisko-Z\u030ciarce-300x200.jpg\" \/>\n<meta name=\"twitter:card\" content=\"summary\" \/>\n<meta name=\"twitter:label1\" content=\"Predpokladan\u00fd \u010das \u010d\u00edtania\" \/>\n\t<meta name=\"twitter:data1\" content=\"13 min\u00fat\" \/>\n<script type=\"application\/ld+json\" class=\"yoast-schema-graph\">{\"@context\":\"https:\/\/schema.org\",\"@graph\":[{\"@type\":\"WebSite\",\"@id\":\"https:\/\/ubytovanie-fortuna.sk\/sk\/#website\",\"url\":\"https:\/\/ubytovanie-fortuna.sk\/sk\/\",\"name\":\"Penzi\\u00f3n Fortuna\",\"description\":\"Ubytovanie Dem\\u00e4nov\\u00e1, Slovensko\",\"potentialAction\":[{\"@type\":\"SearchAction\",\"target\":{\"@type\":\"EntryPoint\",\"urlTemplate\":\"https:\/\/ubytovanie-fortuna.sk\/sk\/?s={search_term_string}\"},\"query-input\":\"required name=search_term_string\"}],\"inLanguage\":\"sk-SK\"},{\"@type\":\"ImageObject\",\"@id\":\"https:\/\/ubytovanie-fortuna.sk\/winter-activities\/#primaryimage\",\"inLanguage\":\"sk-SK\",\"url\":\"http:\/\/ubytovanie-fortuna.sk\/wp-content\/uploads\/2016\/08\/Lyz\\u030ciarske-stredisko-Z\\u030ciarce-300x200.jpg\",\"contentUrl\":\"http:\/\/ubytovanie-fortuna.sk\/wp-content\/uploads\/2016\/08\/Lyz\\u030ciarske-stredisko-Z\\u030ciarce-300x200.jpg\"},{\"@type\":\"WebPage\",\"@id\":\"https:\/\/ubytovanie-fortuna.sk\/winter-activities\/#webpage\",\"url\":\"https:\/\/ubytovanie-fortuna.sk\/winter-activities\/\",\"name\":\"Zimn\\u00e9 aktivity - Penzi\\u00f3n Fortuna\",\"isPartOf\":{\"@id\":\"https:\/\/ubytovanie-fortuna.sk\/sk\/#website\"},\"primaryImageOfPage\":{\"@id\":\"https:\/\/ubytovanie-fortuna.sk\/winter-activities\/#primaryimage\"},\"datePublished\":\"2016-05-01T20:56:22+00:00\",\"dateModified\":\"2020-06-07T16:00:54+00:00\",\"breadcrumb\":{\"@id\":\"https:\/\/ubytovanie-fortuna.sk\/winter-activities\/#breadcrumb\"},\"inLanguage\":\"sk-SK\",\"potentialAction\":[{\"@type\":\"ReadAction\",\"target\":[\"https:\/\/ubytovanie-fortuna.sk\/winter-activities\/\"]}]},{\"@type\":\"BreadcrumbList\",\"@id\":\"https:\/\/ubytovanie-fortuna.sk\/winter-activities\/#breadcrumb\",\"itemListElement\":[{\"@type\":\"ListItem\",\"position\":1,\"name\":\"Domovsk\\u00e1 str\\u00e1nka\",\"item\":\"https:\/\/ubytovanie-fortuna.sk\/sk\/\"},{\"@type\":\"ListItem\",\"position\":2,\"name\":\"Winter Activities\"}]}]}<\/script>\n<!-- \/ Yoast SEO plugin. -->","yoast_head_json":{"robots":{"index":"index","follow":"follow","max-snippet":"max-snippet:-1","max-image-preview":"max-image-preview:large","max-video-preview":"max-video-preview:-1"},"canonical":"https:\/\/ubytovanie-fortuna.sk\/winter-activities\/","og_locale":"sk_SK","og_type":"article","og_title":"Zimn\u00e9 aktivity - Penzi\u00f3n Fortuna","og_description":"Zima a zimn\u00e9 aktivity Jasn\u00e1 N\u00edzke Tatry Najv\u00e4\u010d\u0161ie ly\u017eiarske stredisko na Slovensku s v\u00fdborn\u00fdmi podmienkami pre zimn\u00e9 \u0161porty na severnej i ju\u017enej strane Chopk. Na vrchol Chopku sa doprav\u00edte najmodernej\u0161\u00edmi lanovkami Funitel alebo\u00a015-miestnou kab\u00ednkou. Stredisko pon\u00faka 49 km perfektne upraven\u00fdch zjazdoviek r\u00f4znych obtia\u017enost\u00ed, vhodn\u00fdch pre za\u010diato\u010dn\u00edkov, rodiny s de\u0165mi, pokro\u010dil\u00fdch ly\u017eiarov a aj na usporiadanie [&hellip;]","og_url":"https:\/\/ubytovanie-fortuna.sk\/winter-activities\/","og_site_name":"Penzi\u00f3n Fortuna","article_modified_time":"2020-06-07T16:00:54+00:00","og_image":[{"url":"http:\/\/ubytovanie-fortuna.sk\/wp-content\/uploads\/2016\/08\/Lyz\u030ciarske-stredisko-Z\u030ciarce-300x200.jpg"}],"twitter_card":"summary","twitter_misc":{"Predpokladan\u00fd \u010das \u010d\u00edtania":"13 min\u00fat"},"schema":{"@context":"https:\/\/schema.org","@graph":[{"@type":"WebSite","@id":"https:\/\/ubytovanie-fortuna.sk\/sk\/#website","url":"https:\/\/ubytovanie-fortuna.sk\/sk\/","name":"Penzi\u00f3n Fortuna","description":"Ubytovanie Dem\u00e4nov\u00e1, Slovensko","potentialAction":[{"@type":"SearchAction","target":{"@type":"EntryPoint","urlTemplate":"https:\/\/ubytovanie-fortuna.sk\/sk\/?s={search_term_string}"},"query-input":"required name=search_term_string"}],"inLanguage":"sk-SK"},{"@type":"ImageObject","@id":"https:\/\/ubytovanie-fortuna.sk\/winter-activities\/#primaryimage","inLanguage":"sk-SK","url":"http:\/\/ubytovanie-fortuna.sk\/wp-content\/uploads\/2016\/08\/Lyz\u030ciarske-stredisko-Z\u030ciarce-300x200.jpg","contentUrl":"http:\/\/ubytovanie-fortuna.sk\/wp-content\/uploads\/2016\/08\/Lyz\u030ciarske-stredisko-Z\u030ciarce-300x200.jpg"},{"@type":"WebPage","@id":"https:\/\/ubytovanie-fortuna.sk\/winter-activities\/#webpage","url":"https:\/\/ubytovanie-fortuna.sk\/winter-activities\/","name":"Zimn\u00e9 aktivity - Penzi\u00f3n Fortuna","isPartOf":{"@id":"https:\/\/ubytovanie-fortuna.sk\/sk\/#website"},"primaryImageOfPage":{"@id":"https:\/\/ubytovanie-fortuna.sk\/winter-activities\/#primaryimage"},"datePublished":"2016-05-01T20:56:22+00:00","dateModified":"2020-06-07T16:00:54+00:00","breadcrumb":{"@id":"https:\/\/ubytovanie-fortuna.sk\/winter-activities\/#breadcrumb"},"inLanguage":"sk-SK","potentialAction":[{"@type":"ReadAction","target":["https:\/\/ubytovanie-fortuna.sk\/winter-activities\/"]}]},{"@type":"BreadcrumbList","@id":"https:\/\/ubytovanie-fortuna.sk\/winter-activities\/#breadcrumb","itemListElement":[{"@type":"ListItem","position":1,"name":"Domovsk\u00e1 str\u00e1nka","item":"https:\/\/ubytovanie-fortuna.sk\/sk\/"},{"@type":"ListItem","position":2,"name":"Winter Activities"}]}]}},"_links":{"self":[{"href":"https:\/\/ubytovanie-fortuna.sk\/sk\/wp-json\/wp\/v2\/pages\/257"}],"collection":[{"href":"https:\/\/ubytovanie-fortuna.sk\/sk\/wp-json\/wp\/v2\/pages"}],"about":[{"href":"https:\/\/ubytovanie-fortuna.sk\/sk\/wp-json\/wp\/v2\/types\/page"}],"author":[{"embeddable":true,"href":"https:\/\/ubytovanie-fortuna.sk\/sk\/wp-json\/wp\/v2\/users\/3"}],"replies":[{"embeddable":true,"href":"https:\/\/ubytovanie-fortuna.sk\/sk\/wp-json\/wp\/v2\/comments?post=257"}],"version-history":[{"count":6,"href":"https:\/\/ubytovanie-fortuna.sk\/sk\/wp-json\/wp\/v2\/pages\/257\/revisions"}],"predecessor-version":[{"id":1401,"href":"https:\/\/ubytovanie-fortuna.sk\/sk\/wp-json\/wp\/v2\/pages\/257\/revisions\/1401"}],"wp:attachment":[{"href":"https:\/\/ubytovanie-fortuna.sk\/sk\/wp-json\/wp\/v2\/media?parent=257"}],"curies":[{"name":"wp","href":"https:\/\/api.w.org\/{rel}","templated":true}]}}