{"id":251,"date":"2016-05-01T22:53:45","date_gmt":"2016-05-01T20:53:45","guid":{"rendered":"http:\/\/ubytovanie-fortuna.sk\/?page_id=251"},"modified":"2025-08-07T11:44:23","modified_gmt":"2025-08-07T09:44:23","slug":"sluzby-volny-cas","status":"publish","type":"page","link":"https:\/\/ubytovanie-fortuna.sk\/sk\/sluzby-volny-cas\/","title":{"rendered":"Vo\u013en\u00fd \u010das"},"content":{"rendered":"<p><\/p>\n<h2>Vo\u013en\u00fd \u010das<\/h2>\n<p><span>Pre host\u00ed Penzi\u00f3nu Fortuna pon\u00fakame nasleduj\u00face slu\u017eby, ktor\u00e9 sa nach\u00e1dzaj\u00fa priamo na mieste.<\/span><\/p>\n<h1><span>Slu\u017eby<\/span><\/h1>\n<p><span>V pr\u00edpade z\u00e1ujmu s\u00fa za pr\u00edplatok k dispoz\u00edcii nasleduj\u00face slu\u017eby:<\/span><\/p>\n<p><span>Bohat\u00e9 ra\u0148ajky: 8,00 \u20ac na dospel\u00fa osobu, 5,00 \u20ac na die\u0165a (na de\u0148);<\/span><br \/>\n<span>Sauna: 8 \u20ac na osobu a hodinu;<\/span><br \/>\n<span>Mo\u017enos\u0165 prenaja\u0165 si detsk\u00fa postie\u013eku za 6 \u20ac na cel\u00fa dobu pobytu;<\/span><br \/>\n<span>Mo\u017enos\u0165 rezervova\u0165 si mas\u00e1\u017e \u2013 mas\u00e9r pr\u00edde priamo k v\u00e1m na objednan\u00fa mas\u00e1\u017e; za ve\u013emi rozumn\u00fa cenu.<\/span><\/p>\n<h1><span>Slu\u017eby zahrnut\u00e9 v cene<\/span><\/h1>\n<p><span>Parkovanie priamo pri dome, uzamykate\u013en\u00e9 a monitorovan\u00e9 kamerami \u2013 dodato\u010dn\u00e9 zabezpe\u010denie parkovania vhodn\u00e9 aj pre motocyklistov;<\/span><br \/>\n<span>WiFi pripojenie na internet;<\/span><br \/>\n<span>spolo\u010densk\u00e1 miestnos\u0165 s krbom, barom a DVD prehr\u00e1va\u010dom;<\/span><br \/>\n<span>ly\u017eiare\u0148 so su\u0161i\u010dkou na ly\u017eiarske top\u00e1nky\/in\u00fa \u0161portov\u00fa obuv;<\/span><br \/>\n<span>z\u00e1hrada s terasou a z\u00e1hradn\u00fdm krbom s mo\u017enos\u0165ou grilovania;<\/span><br \/>\n<span>detsk\u00e9 ihrisko s hojda\u010dkami, \u0161m\u00fdka\u010dkou a<\/span><br \/>\n<span>trampol\u00ednou;<\/span><br \/>\n<span>elektronick\u00fd ter\u010d na \u0161\u00edpky;<\/span><br \/>\n<span>mo\u017enos\u0165 pou\u017e\u00edvania automatickej pr\u00e1\u010dky.<\/span><\/p>\n<p>\n    <div id=\"parallax_container562\" class=\"parallax-window-container adamrob_parallax_fullwidth \">\n\n\t<div id=\"parallax_562\" class=\"adamrob_parallax adamrob_parallax_fullwidth \" \n\t            \t\t\t\t\tstyle=\"height:500px; \" \n\t            \t\t\t\t\tdata-parallax=\"scroll\" data-image-src=\"https:\/\/ubytovanie-fortuna.sk\/wp-content\/uploads\/2016\/07\/IMG_4675.jpg\" \n\t            \t\t\t\t\tdata-z-Index=\"1\" \n\t            \t\t\t\t\tdata-ios-fix=\"true\" \n\t            \t\t\t\t\tdata-android-fix=\"true\"\n\t            \t\t\t\t\tdata-speed=\"0.5\">\n\n\n\n\t\t<div id=\"parallax_562_content\" class=\"adamrob_pcontainer\" style=\"height:500px;\">\n\n\t\t\n\t\t\t<table style=\"width:100%; height:100%; border-style:none; margin:0;\">\n\t\t\t\t<tr>\n\t\t\t\t\t<td class=\"parallax-header\" style=\"text-align:center; vertical-align:middle; padding:20px; border-style:none;\">\n\t\t\t\t\t\t<div id=\"parallax_562_posttitle\" class=\"adamrob_parallax_posttitle\" style=\"\">\n\t\t\t\t\t\t\t\t\t\t\t\t\t<\/div>\n\t\t\t\t\t<\/td>\n\t\t\t\t<\/tr>\n\t\t\t<\/table>\n\n\t\t\n\n\t\t<\/div>\n\n<\/div>\n\t\n\t\t    <\/div>\n\t<\/p>","protected":false},"excerpt":{"rendered":"<p>Vo\u013en\u00fd \u010das Pre host\u00ed Penzi\u00f3nu Fortuna pon\u00fakame nasleduj\u00face slu\u017eby, ktor\u00e9 sa nach\u00e1dzaj\u00fa priamo na mieste. Slu\u017eby V pr\u00edpade z\u00e1ujmu s\u00fa za pr\u00edplatok k dispoz\u00edcii nasleduj\u00face slu\u017eby: Bohat\u00e9 ra\u0148ajky: 8,00 \u20ac na dospel\u00fa osobu, 5,00 \u20ac na die\u0165a (na de\u0148); Sauna: 8 \u20ac na osobu a hodinu; Mo\u017enos\u0165 prenaja\u0165 si detsk\u00fa postie\u013eku za 6 \u20ac na [&hellip;]<\/p>\n","protected":false},"author":3,"featured_media":0,"parent":0,"menu_order":0,"comment_status":"closed","ping_status":"closed","template":"","meta":{"_monsterinsights_skip_tracking":false,"_monsterinsights_sitenote_active":false,"_monsterinsights_sitenote_note":"","_monsterinsights_sitenote_category":0},"yoast_head":"<!-- This site is optimized with the Yoast SEO plugin v17.7.1 - https:\/\/yoast.com\/wordpress\/plugins\/seo\/ -->\n<meta name=\"robots\" content=\"index, follow, max-snippet:-1, max-image-preview:large, max-video-preview:-1\" \/>\n<link rel=\"canonical\" href=\"https:\/\/ubytovanie-fortuna.sk\/sk\/sluzby-volny-cas\/\" \/>\n<meta property=\"og:locale\" content=\"sk_SK\" \/>\n<meta property=\"og:type\" content=\"article\" \/>\n<meta property=\"og:title\" content=\"Vo\u013en\u00fd \u010das - Penzi\u00f3n Fortuna\" \/>\n<meta property=\"og:description\" content=\"Vo\u013en\u00fd \u010das Pre host\u00ed Penzi\u00f3nu Fortuna pon\u00fakame nasleduj\u00face slu\u017eby, ktor\u00e9 sa nach\u00e1dzaj\u00fa priamo na mieste. Slu\u017eby V pr\u00edpade z\u00e1ujmu s\u00fa za pr\u00edplatok k dispoz\u00edcii nasleduj\u00face slu\u017eby: Bohat\u00e9 ra\u0148ajky: 8,00 \u20ac na dospel\u00fa osobu, 5,00 \u20ac na die\u0165a (na de\u0148); Sauna: 8 \u20ac na osobu a hodinu; Mo\u017enos\u0165 prenaja\u0165 si detsk\u00fa postie\u013eku za 6 \u20ac na [&hellip;]\" \/>\n<meta property=\"og:url\" content=\"https:\/\/ubytovanie-fortuna.sk\/sk\/sluzby-volny-cas\/\" \/>\n<meta property=\"og:site_name\" content=\"Penzi\u00f3n Fortuna\" \/>\n<meta property=\"article:modified_time\" content=\"2025-08-07T09:44:23+00:00\" \/>\n<meta name=\"twitter:card\" content=\"summary\" \/>\n<meta name=\"twitter:label1\" content=\"Predpokladan\u00fd \u010das \u010d\u00edtania\" \/>\n\t<meta name=\"twitter:data1\" content=\"1 min\u00fata\" \/>\n<script type=\"application\/ld+json\" class=\"yoast-schema-graph\">{\"@context\":\"https:\/\/schema.org\",\"@graph\":[{\"@type\":\"WebSite\",\"@id\":\"https:\/\/ubytovanie-fortuna.sk\/sk\/#website\",\"url\":\"https:\/\/ubytovanie-fortuna.sk\/sk\/\",\"name\":\"Penzi\\u00f3n Fortuna\",\"description\":\"Ubytovanie Dem\\u00e4nov\\u00e1, Slovensko\",\"potentialAction\":[{\"@type\":\"SearchAction\",\"target\":{\"@type\":\"EntryPoint\",\"urlTemplate\":\"https:\/\/ubytovanie-fortuna.sk\/sk\/?s={search_term_string}\"},\"query-input\":\"required name=search_term_string\"}],\"inLanguage\":\"sk-SK\"},{\"@type\":\"WebPage\",\"@id\":\"https:\/\/ubytovanie-fortuna.sk\/sk\/sluzby-volny-cas\/#webpage\",\"url\":\"https:\/\/ubytovanie-fortuna.sk\/sk\/sluzby-volny-cas\/\",\"name\":\"Vo\\u013en\\u00fd \\u010das - Penzi\\u00f3n Fortuna\",\"isPartOf\":{\"@id\":\"https:\/\/ubytovanie-fortuna.sk\/sk\/#website\"},\"datePublished\":\"2016-05-01T20:53:45+00:00\",\"dateModified\":\"2025-08-07T09:44:23+00:00\",\"breadcrumb\":{\"@id\":\"https:\/\/ubytovanie-fortuna.sk\/sk\/sluzby-volny-cas\/#breadcrumb\"},\"inLanguage\":\"sk-SK\",\"potentialAction\":[{\"@type\":\"ReadAction\",\"target\":[\"https:\/\/ubytovanie-fortuna.sk\/sk\/sluzby-volny-cas\/\"]}]},{\"@type\":\"BreadcrumbList\",\"@id\":\"https:\/\/ubytovanie-fortuna.sk\/sk\/sluzby-volny-cas\/#breadcrumb\",\"itemListElement\":[{\"@type\":\"ListItem\",\"position\":1,\"name\":\"Domovsk\\u00e1 str\\u00e1nka\",\"item\":\"https:\/\/ubytovanie-fortuna.sk\/sk\/\"},{\"@type\":\"ListItem\",\"position\":2,\"name\":\"Vo\\u013en\\u00fd \\u010das\"}]}]}<\/script>\n<!-- \/ Yoast SEO plugin. -->","yoast_head_json":{"robots":{"index":"index","follow":"follow","max-snippet":"max-snippet:-1","max-image-preview":"max-image-preview:large","max-video-preview":"max-video-preview:-1"},"canonical":"https:\/\/ubytovanie-fortuna.sk\/sk\/sluzby-volny-cas\/","og_locale":"sk_SK","og_type":"article","og_title":"Vo\u013en\u00fd \u010das - Penzi\u00f3n Fortuna","og_description":"Vo\u013en\u00fd \u010das Pre host\u00ed Penzi\u00f3nu Fortuna pon\u00fakame nasleduj\u00face slu\u017eby, ktor\u00e9 sa nach\u00e1dzaj\u00fa priamo na mieste. Slu\u017eby V pr\u00edpade z\u00e1ujmu s\u00fa za pr\u00edplatok k dispoz\u00edcii nasleduj\u00face slu\u017eby: Bohat\u00e9 ra\u0148ajky: 8,00 \u20ac na dospel\u00fa osobu, 5,00 \u20ac na die\u0165a (na de\u0148); Sauna: 8 \u20ac na osobu a hodinu; Mo\u017enos\u0165 prenaja\u0165 si detsk\u00fa postie\u013eku za 6 \u20ac na [&hellip;]","og_url":"https:\/\/ubytovanie-fortuna.sk\/sk\/sluzby-volny-cas\/","og_site_name":"Penzi\u00f3n Fortuna","article_modified_time":"2025-08-07T09:44:23+00:00","twitter_card":"summary","twitter_misc":{"Predpokladan\u00fd \u010das \u010d\u00edtania":"1 min\u00fata"},"schema":{"@context":"https:\/\/schema.org","@graph":[{"@type":"WebSite","@id":"https:\/\/ubytovanie-fortuna.sk\/sk\/#website","url":"https:\/\/ubytovanie-fortuna.sk\/sk\/","name":"Penzi\u00f3n Fortuna","description":"Ubytovanie Dem\u00e4nov\u00e1, Slovensko","potentialAction":[{"@type":"SearchAction","target":{"@type":"EntryPoint","urlTemplate":"https:\/\/ubytovanie-fortuna.sk\/sk\/?s={search_term_string}"},"query-input":"required name=search_term_string"}],"inLanguage":"sk-SK"},{"@type":"WebPage","@id":"https:\/\/ubytovanie-fortuna.sk\/sk\/sluzby-volny-cas\/#webpage","url":"https:\/\/ubytovanie-fortuna.sk\/sk\/sluzby-volny-cas\/","name":"Vo\u013en\u00fd \u010das - Penzi\u00f3n Fortuna","isPartOf":{"@id":"https:\/\/ubytovanie-fortuna.sk\/sk\/#website"},"datePublished":"2016-05-01T20:53:45+00:00","dateModified":"2025-08-07T09:44:23+00:00","breadcrumb":{"@id":"https:\/\/ubytovanie-fortuna.sk\/sk\/sluzby-volny-cas\/#breadcrumb"},"inLanguage":"sk-SK","potentialAction":[{"@type":"ReadAction","target":["https:\/\/ubytovanie-fortuna.sk\/sk\/sluzby-volny-cas\/"]}]},{"@type":"BreadcrumbList","@id":"https:\/\/ubytovanie-fortuna.sk\/sk\/sluzby-volny-cas\/#breadcrumb","itemListElement":[{"@type":"ListItem","position":1,"name":"Domovsk\u00e1 str\u00e1nka","item":"https:\/\/ubytovanie-fortuna.sk\/sk\/"},{"@type":"ListItem","position":2,"name":"Vo\u013en\u00fd \u010das"}]}]}},"_links":{"self":[{"href":"https:\/\/ubytovanie-fortuna.sk\/sk\/wp-json\/wp\/v2\/pages\/251"}],"collection":[{"href":"https:\/\/ubytovanie-fortuna.sk\/sk\/wp-json\/wp\/v2\/pages"}],"about":[{"href":"https:\/\/ubytovanie-fortuna.sk\/sk\/wp-json\/wp\/v2\/types\/page"}],"author":[{"embeddable":true,"href":"https:\/\/ubytovanie-fortuna.sk\/sk\/wp-json\/wp\/v2\/users\/3"}],"replies":[{"embeddable":true,"href":"https:\/\/ubytovanie-fortuna.sk\/sk\/wp-json\/wp\/v2\/comments?post=251"}],"version-history":[{"count":6,"href":"https:\/\/ubytovanie-fortuna.sk\/sk\/wp-json\/wp\/v2\/pages\/251\/revisions"}],"predecessor-version":[{"id":1707,"href":"https:\/\/ubytovanie-fortuna.sk\/sk\/wp-json\/wp\/v2\/pages\/251\/revisions\/1707"}],"wp:attachment":[{"href":"https:\/\/ubytovanie-fortuna.sk\/sk\/wp-json\/wp\/v2\/media?parent=251"}],"curies":[{"name":"wp","href":"https:\/\/api.w.org\/{rel}","templated":true}]}}