{"id":272,"date":"2016-05-01T23:13:50","date_gmt":"2016-05-01T21:13:50","guid":{"rendered":"http:\/\/ubytovanie-fortuna.sk\/?page_id=272"},"modified":"2021-12-10T12:53:24","modified_gmt":"2021-12-10T10:53:24","slug":"kontakt","status":"publish","type":"page","link":"https:\/\/ubytovanie-fortuna.sk\/pl\/kontakt\/","title":{"rendered":"Kontakt"},"content":{"rendered":"<p><strong>Masz jakie\u015b pytania lub chcesz zarezerwowa\u0107 nocleg w Pension Fortuna?<\/strong><\/p>\n<p>Za pomoc\u0105 formularza kontaktowego, napisz do nas na:\u00a0<a href=\"mailto:info@ubytovanie-fortuna.sk\">\u00a0info@ubytovanie-fortuna.sk<\/a>\u00a0lub zadzwo\u0144:<br \/>\n+421 911 720 687<br \/>\n+421 911 710 669<\/p>\n<p><a href=\"http:\/\/ubytovanie-fortuna.sk\">www.ubytovanie-fortuna.sk<\/a><\/p>\n<div class=\"container\">\n<div class=\"home_box\">\n<h2>Napisz do nas<\/h2>\n<div role=\"form\" class=\"wpcf7\" id=\"wpcf7-f1032-o4\" lang=\"pl-PL\" dir=\"ltr\">\n<div class=\"screen-reader-response\"><p role=\"status\" aria-live=\"polite\" aria-atomic=\"true\"><\/p> <ul><\/ul><\/div>\n<form action=\"\/pl\/wp-json\/wp\/v2\/pages\/272#wpcf7-f1032-o4\" method=\"post\" class=\"wpcf7-form init\" novalidate=\"novalidate\" data-status=\"init\">\n<div style=\"display: none;\">\n<input type=\"hidden\" name=\"_wpcf7\" value=\"1032\" \/>\n<input type=\"hidden\" name=\"_wpcf7_version\" value=\"5.5.2\" \/>\n<input type=\"hidden\" name=\"_wpcf7_locale\" value=\"pl_PL\" \/>\n<input type=\"hidden\" name=\"_wpcf7_unit_tag\" value=\"wpcf7-f1032-o4\" \/>\n<input type=\"hidden\" name=\"_wpcf7_container_post\" value=\"0\" \/>\n<input type=\"hidden\" name=\"_wpcf7_posted_data_hash\" value=\"\" \/>\n<input type=\"hidden\" name=\"_wpcf7_recaptcha_response\" value=\"\" \/>\n<\/div>\n<p><label> Imi\u0119 i nazwisko (wymagane)<br \/>\n    <span class=\"wpcf7-form-control-wrap your-name\"><input type=\"text\" name=\"your-name\" value=\"\" size=\"40\" class=\"wpcf7-form-control wpcf7-text wpcf7-validates-as-required kratkytext\" aria-required=\"true\" aria-invalid=\"false\" \/><\/span> <\/label><\/p>\n<p><label> Adres email (wymagane)<br \/>\n    <span class=\"wpcf7-form-control-wrap your-email\"><input type=\"email\" name=\"your-email\" value=\"\" size=\"40\" class=\"wpcf7-form-control wpcf7-text wpcf7-email wpcf7-validates-as-required wpcf7-validates-as-email kratkytext\" aria-required=\"true\" aria-invalid=\"false\" \/><\/span> <\/label><\/p>\n<p><label> Temat<br \/>\n    <span class=\"wpcf7-form-control-wrap your-subject\"><input type=\"text\" name=\"your-subject\" value=\"\" size=\"40\" class=\"wpcf7-form-control wpcf7-text kratkytext\" aria-invalid=\"false\" \/><\/span> <\/label><\/p>\n<p><label> Tre\u015b\u0107 wiadomo\u015bci<br \/>\n    <span class=\"wpcf7-form-control-wrap your-message\"><textarea name=\"your-message\" cols=\"40\" rows=\"10\" class=\"wpcf7-form-control wpcf7-textarea textovepole\" aria-invalid=\"false\"><\/textarea><\/span> <\/label><\/p>\n<span class=\"wpcf7-form-control-wrap recaptcha\"><span data-sitekey=\"6LfKFjoUAAAAANQykIWMDEjJ-ieMSEhi95hljwxd\" class=\"wpcf7-form-control g-recaptcha wpcf7-recaptcha\"><\/span>\r\n<noscript>\r\n\t<div class=\"grecaptcha-noscript\">\r\n\t\t<iframe src=\"https:\/\/www.google.com\/recaptcha\/api\/fallback?k=6LfKFjoUAAAAANQykIWMDEjJ-ieMSEhi95hljwxd\" frameborder=\"0\" scrolling=\"no\" width=\"310\" height=\"430\">\r\n\t\t<\/iframe>\r\n\t\t<textarea name=\"g-recaptcha-response\" rows=\"3\" cols=\"40\" placeholder=\"reCaptcha Response Here\">\r\n\t\t<\/textarea>\r\n\t<\/div>\r\n<\/noscript>\r\n<\/span>\n<p><input type=\"submit\" value=\"Wy\u015blij\" class=\"wpcf7-form-control has-spinner wpcf7-submit\" \/><\/p>\n<p style=\"display: none !important;\"><label>&#916;<textarea name=\"_wpcf7_ak_hp_textarea\" cols=\"45\" rows=\"8\" maxlength=\"100\"><\/textarea><\/label><input type=\"hidden\" id=\"ak_js\" name=\"_wpcf7_ak_js\" value=\"103\"\/><script>document.getElementById( \"ak_js\" ).setAttribute( \"value\", ( new Date() ).getTime() );<\/script><\/p><div class=\"wpcf7-response-output\" aria-hidden=\"true\"><\/div><\/form><\/div>\n<\/div>\n<div class=\"home_box\">\n<h2>Adres<\/h2>\n<p><b>Penzi\u00f3n Fortuna<\/b><br \/>\nP. J. Kerna 77<br \/>\n031 01 Liptovsk\u00fd Mikul\u00e1\u0161<br \/>\nSlovensk\u00e1 Republika<\/p>\n<h2>Wsp\u00f3\u0142rz\u0119dne GPS:<\/h2>\n<p>49\u00b03&#8217;42.65&#8243;N, 19\u00b034&#8217;56.41&#8243;E<\/p>\n<\/div>\n<div class=\"clear\"><\/div>\n<\/div>\n<h2>Mapa<\/h2>\n<p><iframe loading=\"lazy\" style=\"border: 0;\" data-src=\"https:\/\/www.google.com\/maps\/embed?pb=!1m18!1m12!1m3!1d4473.626246996826!2d19.580848629741322!3d49.061236129869684!2m3!1f0!2f0!3f0!3m2!1i1024!2i768!4f13.1!3m3!1m2!1s0x47159ede6fc631a3%3A0xeeb0e99caef6909e!2sPenzion+Fortuna!5e0!3m2!1sen!2scz!4v1466242203871\" width=\"100%\" height=\"480\" frameborder=\"0\" allowfullscreen=\"allowfullscreen\"><\/iframe><noscript><iframe loading=\"lazy\" style=\"border: 0;\" data-src=\"https:\/\/www.google.com\/maps\/embed?pb=!1m18!1m12!1m3!1d4473.626246996826!2d19.580848629741322!3d49.061236129869684!2m3!1f0!2f0!3f0!3m2!1i1024!2i768!4f13.1!3m3!1m2!1s0x47159ede6fc631a3%3A0xeeb0e99caef6909e!2sPenzion+Fortuna!5e0!3m2!1sen!2scz!4v1466242203871\" width=\"100%\" height=\"480\" frameborder=\"0\" allowfullscreen=\"allowfullscreen\"><\/iframe><noscript><iframe loading=\"lazy\" style=\"border: 0;\" data-src=\"https:\/\/www.google.com\/maps\/embed?pb=!1m18!1m12!1m3!1d4473.626246996826!2d19.580848629741322!3d49.061236129869684!2m3!1f0!2f0!3f0!3m2!1i1024!2i768!4f13.1!3m3!1m2!1s0x47159ede6fc631a3%3A0xeeb0e99caef6909e!2sPenzion+Fortuna!5e0!3m2!1sen!2scz!4v1466242203871\" width=\"100%\" height=\"480\" frameborder=\"0\" allowfullscreen=\"allowfullscreen\"><\/iframe><noscript><iframe loading=\"lazy\" style=\"border: 0;\" data-src=\"https:\/\/www.google.com\/maps\/embed?pb=!1m18!1m12!1m3!1d4473.626246996826!2d19.580848629741322!3d49.061236129869684!2m3!1f0!2f0!3f0!3m2!1i1024!2i768!4f13.1!3m3!1m2!1s0x47159ede6fc631a3%3A0xeeb0e99caef6909e!2sPenzion+Fortuna!5e0!3m2!1sen!2scz!4v1466242203871\" width=\"100%\" height=\"480\" frameborder=\"0\" allowfullscreen=\"allowfullscreen\"><\/iframe><noscript><iframe loading=\"lazy\" style=\"border: 0;\" data-src=\"https:\/\/www.google.com\/maps\/embed?pb=!1m18!1m12!1m3!1d4473.626246996826!2d19.580848629741322!3d49.061236129869684!2m3!1f0!2f0!3f0!3m2!1i1024!2i768!4f13.1!3m3!1m2!1s0x47159ede6fc631a3%3A0xeeb0e99caef6909e!2sPenzion+Fortuna!5e0!3m2!1sen!2scz!4v1466242203871\" width=\"100%\" height=\"480\" frameborder=\"0\" allowfullscreen=\"allowfullscreen\"><\/iframe><noscript><iframe loading=\"lazy\" style=\"border: 0;\" data-src=\"https:\/\/www.google.com\/maps\/embed?pb=!1m18!1m12!1m3!1d4473.626246996826!2d19.580848629741322!3d49.061236129869684!2m3!1f0!2f0!3f0!3m2!1i1024!2i768!4f13.1!3m3!1m2!1s0x47159ede6fc631a3%3A0xeeb0e99caef6909e!2sPenzion+Fortuna!5e0!3m2!1sen!2scz!4v1466242203871\" width=\"100%\" height=\"480\" frameborder=\"0\" allowfullscreen=\"allowfullscreen\"><\/iframe><noscript><iframe loading=\"lazy\" style=\"border: 0;\" src=\"https:\/\/www.google.com\/maps\/embed?pb=!1m18!1m12!1m3!1d4473.626246996826!2d19.580848629741322!3d49.061236129869684!2m3!1f0!2f0!3f0!3m2!1i1024!2i768!4f13.1!3m3!1m2!1s0x47159ede6fc631a3%3A0xeeb0e99caef6909e!2sPenzion+Fortuna!5e0!3m2!1sen!2scz!4v1466242203871\" width=\"100%\" height=\"480\" frameborder=\"0\" allowfullscreen=\"allowfullscreen\"><\/iframe><\/noscript><\/noscript><\/noscript><\/noscript><\/noscript><\/noscript><\/p>\n<h2>Partnerzy<\/h2>\n<div class=\"container partneri\"><div class=\"column-group columns-3\"><br \/>\n<div class=\"column column-number-1 column-span-1\"><p>\n<b>Visit Liptov<\/b><br \/>\n<a href=\"http:\/\/www.visitliptov.sk\/liptov-region-card\/\" target=\"_blank\" rel=\"noopener noreferrer\"><img loading=\"lazy\" class=\"footer_social\" src=\"data:image\/gif;base64,R0lGODlhAQABAIAAAAAAAP\/\/\/yH5BAEAAAAALAAAAAABAAEAAAIBRAA7\" data-src=\"http:\/\/ubytovanie-fortuna.sk\/wp-content\/uploads\/2016\/05\/index3.png\" alt=\"Visit Liptov\" width=\"73\" height=\"45\" data-id=\"810\" \/><noscript><img loading=\"lazy\" class=\"footer_social\" src=\"data:image\/gif;base64,R0lGODlhAQABAIAAAAAAAP\/\/\/yH5BAEAAAAALAAAAAABAAEAAAIBRAA7\" data-src=\"http:\/\/ubytovanie-fortuna.sk\/wp-content\/uploads\/2016\/05\/index3.png\" alt=\"Visit Liptov\" width=\"73\" height=\"45\" data-id=\"810\" \/><noscript><img loading=\"lazy\" class=\"footer_social\" src=\"data:image\/gif;base64,R0lGODlhAQABAIAAAAAAAP\/\/\/yH5BAEAAAAALAAAAAABAAEAAAIBRAA7\" data-src=\"http:\/\/ubytovanie-fortuna.sk\/wp-content\/uploads\/2016\/05\/index3.png\" alt=\"Visit Liptov\" width=\"73\" height=\"45\" data-id=\"810\" \/><noscript><img loading=\"lazy\" class=\"footer_social\" src=\"data:image\/gif;base64,R0lGODlhAQABAIAAAAAAAP\/\/\/yH5BAEAAAAALAAAAAABAAEAAAIBRAA7\" data-src=\"http:\/\/ubytovanie-fortuna.sk\/wp-content\/uploads\/2016\/05\/index3.png\" alt=\"Visit Liptov\" width=\"73\" height=\"45\" data-id=\"810\" \/><noscript><img loading=\"lazy\" class=\"footer_social\" src=\"data:image\/gif;base64,R0lGODlhAQABAIAAAAAAAP\/\/\/yH5BAEAAAAALAAAAAABAAEAAAIBRAA7\" data-src=\"http:\/\/ubytovanie-fortuna.sk\/wp-content\/uploads\/2016\/05\/index3.png\" alt=\"Visit Liptov\" width=\"73\" height=\"45\" data-id=\"810\" \/><noscript><img loading=\"lazy\" class=\"footer_social\" src=\"data:image\/gif;base64,R0lGODlhAQABAIAAAAAAAP\/\/\/yH5BAEAAAAALAAAAAABAAEAAAIBRAA7\" data-src=\"http:\/\/ubytovanie-fortuna.sk\/wp-content\/uploads\/2016\/05\/index3.png\" alt=\"Visit Liptov\" width=\"73\" height=\"45\" data-id=\"810\" \/><noscript><img loading=\"lazy\" class=\"footer_social\" src=\"http:\/\/ubytovanie-fortuna.sk\/wp-content\/uploads\/2016\/05\/index3.png\" alt=\"Visit Liptov\" width=\"73\" height=\"45\" data-id=\"810\" \/><\/noscript><\/noscript><\/noscript><\/noscript><\/noscript><\/noscript><br \/>\n<\/a><\/p>\n<\/div><div class=\"column column-number-2 column-span-1\"><p>\n<b>Pivovar Erb<\/b><br \/>\n<a href=\"http:\/\/www.pivovarerb.sk\/\" target=\"_blank\" rel=\"noopener noreferrer\"><img loading=\"lazy\" class=\"footer_social\" src=\"data:image\/gif;base64,R0lGODlhAQABAIAAAAAAAP\/\/\/yH5BAEAAAAALAAAAAABAAEAAAIBRAA7\" data-src=\"http:\/\/ubytovanie-fortuna.sk\/wp-content\/uploads\/2016\/08\/erb.png\" alt=\"Pivovar Erb\" width=\"52\" height=\"47\" \/><noscript><img loading=\"lazy\" class=\"footer_social\" src=\"data:image\/gif;base64,R0lGODlhAQABAIAAAAAAAP\/\/\/yH5BAEAAAAALAAAAAABAAEAAAIBRAA7\" data-src=\"http:\/\/ubytovanie-fortuna.sk\/wp-content\/uploads\/2016\/08\/erb.png\" alt=\"Pivovar Erb\" width=\"52\" height=\"47\" \/><noscript><img loading=\"lazy\" class=\"footer_social\" src=\"data:image\/gif;base64,R0lGODlhAQABAIAAAAAAAP\/\/\/yH5BAEAAAAALAAAAAABAAEAAAIBRAA7\" data-src=\"http:\/\/ubytovanie-fortuna.sk\/wp-content\/uploads\/2016\/08\/erb.png\" alt=\"Pivovar Erb\" width=\"52\" height=\"47\" \/><noscript><img loading=\"lazy\" class=\"footer_social\" src=\"data:image\/gif;base64,R0lGODlhAQABAIAAAAAAAP\/\/\/yH5BAEAAAAALAAAAAABAAEAAAIBRAA7\" data-src=\"http:\/\/ubytovanie-fortuna.sk\/wp-content\/uploads\/2016\/08\/erb.png\" alt=\"Pivovar Erb\" width=\"52\" height=\"47\" \/><noscript><img loading=\"lazy\" class=\"footer_social\" src=\"data:image\/gif;base64,R0lGODlhAQABAIAAAAAAAP\/\/\/yH5BAEAAAAALAAAAAABAAEAAAIBRAA7\" data-src=\"http:\/\/ubytovanie-fortuna.sk\/wp-content\/uploads\/2016\/08\/erb.png\" alt=\"Pivovar Erb\" width=\"52\" height=\"47\" \/><noscript><img loading=\"lazy\" class=\"footer_social\" src=\"data:image\/gif;base64,R0lGODlhAQABAIAAAAAAAP\/\/\/yH5BAEAAAAALAAAAAABAAEAAAIBRAA7\" data-src=\"http:\/\/ubytovanie-fortuna.sk\/wp-content\/uploads\/2016\/08\/erb.png\" alt=\"Pivovar Erb\" width=\"52\" height=\"47\" \/><noscript><img loading=\"lazy\" class=\"footer_social\" src=\"http:\/\/ubytovanie-fortuna.sk\/wp-content\/uploads\/2016\/08\/erb.png\" alt=\"Pivovar Erb\" width=\"52\" height=\"47\" \/><\/noscript><\/noscript><\/noscript><\/noscript><\/noscript><\/noscript><\/a><\/p>\n<\/div><div class=\"column column-number-3 last column-span-1\"><p>\n<b>Po\u017ei\u010dov\u0148a a servis ly\u017e\u00ed MAC\u00cdK<\/b><br \/>\n<a href=\"http:\/\/www.lyzejasna.sk\/\" target=\"_blank\" rel=\"noopener noreferrer\"><img loading=\"lazy\" class=\"footer_social\" src=\"data:image\/gif;base64,R0lGODlhAQABAIAAAAAAAP\/\/\/yH5BAEAAAAALAAAAAABAAEAAAIBRAA7\" data-src=\"http:\/\/ubytovanie-fortuna.sk\/wp-content\/uploads\/2016\/05\/macik_icon.jpg\" alt=\"Servis ly\u017e\u00ed \u2013 Ly\u017ee Jasn\u00e1\" width=\"74\" height=\"64\" data-id=\"812\" \/><noscript><img loading=\"lazy\" class=\"footer_social\" src=\"data:image\/gif;base64,R0lGODlhAQABAIAAAAAAAP\/\/\/yH5BAEAAAAALAAAAAABAAEAAAIBRAA7\" data-src=\"http:\/\/ubytovanie-fortuna.sk\/wp-content\/uploads\/2016\/05\/macik_icon.jpg\" alt=\"Servis ly\u017e\u00ed \u2013 Ly\u017ee Jasn\u00e1\" width=\"74\" height=\"64\" data-id=\"812\" \/><noscript><img loading=\"lazy\" class=\"footer_social\" src=\"data:image\/gif;base64,R0lGODlhAQABAIAAAAAAAP\/\/\/yH5BAEAAAAALAAAAAABAAEAAAIBRAA7\" data-src=\"http:\/\/ubytovanie-fortuna.sk\/wp-content\/uploads\/2016\/05\/macik_icon.jpg\" alt=\"Servis ly\u017e\u00ed \u2013 Ly\u017ee Jasn\u00e1\" width=\"74\" height=\"64\" data-id=\"812\" \/><noscript><img loading=\"lazy\" class=\"footer_social\" src=\"data:image\/gif;base64,R0lGODlhAQABAIAAAAAAAP\/\/\/yH5BAEAAAAALAAAAAABAAEAAAIBRAA7\" data-src=\"http:\/\/ubytovanie-fortuna.sk\/wp-content\/uploads\/2016\/05\/macik_icon.jpg\" alt=\"Servis ly\u017e\u00ed \u2013 Ly\u017ee Jasn\u00e1\" width=\"74\" height=\"64\" data-id=\"812\" \/><noscript><img loading=\"lazy\" class=\"footer_social\" src=\"data:image\/gif;base64,R0lGODlhAQABAIAAAAAAAP\/\/\/yH5BAEAAAAALAAAAAABAAEAAAIBRAA7\" data-src=\"http:\/\/ubytovanie-fortuna.sk\/wp-content\/uploads\/2016\/05\/macik_icon.jpg\" alt=\"Servis ly\u017e\u00ed \u2013 Ly\u017ee Jasn\u00e1\" width=\"74\" height=\"64\" data-id=\"812\" \/><noscript><img loading=\"lazy\" class=\"footer_social\" src=\"data:image\/gif;base64,R0lGODlhAQABAIAAAAAAAP\/\/\/yH5BAEAAAAALAAAAAABAAEAAAIBRAA7\" data-src=\"http:\/\/ubytovanie-fortuna.sk\/wp-content\/uploads\/2016\/05\/macik_icon.jpg\" alt=\"Servis ly\u017e\u00ed \u2013 Ly\u017ee Jasn\u00e1\" width=\"74\" height=\"64\" data-id=\"812\" \/><noscript><img loading=\"lazy\" class=\"footer_social\" src=\"http:\/\/ubytovanie-fortuna.sk\/wp-content\/uploads\/2016\/05\/macik_icon.jpg\" alt=\"Servis ly\u017e\u00ed \u2013 Ly\u017ee Jasn\u00e1\" width=\"74\" height=\"64\" data-id=\"812\" \/><\/noscript><\/noscript><\/noscript><\/noscript><\/noscript><\/noscript><br \/>\n<\/a><\/p>\n<\/div><\/div><\/p>\n<div class=\"clear\"><\/div>\n<\/div>\n<p><\/p>","protected":false},"excerpt":{"rendered":"<p>Masz jakie\u015b pytania lub chcesz zarezerwowa\u0107 nocleg w Pension Fortuna? Za pomoc\u0105 formularza kontaktowego, napisz do nas na:\u00a0\u00a0info@ubytovanie-fortuna.sk\u00a0lub zadzwo\u0144: +421 911 720 687 +421 911 710 669 www.ubytovanie-fortuna.sk Napisz do nas Adres Penzi\u00f3n Fortuna P. J. Kerna 77 031 01 Liptovsk\u00fd Mikul\u00e1\u0161 Slovensk\u00e1 Republika Wsp\u00f3\u0142rz\u0119dne GPS: 49\u00b03&#8217;42.65&#8243;N, 19\u00b034&#8217;56.41&#8243;E Mapa Partnerzy<\/p>\n","protected":false},"author":3,"featured_media":0,"parent":0,"menu_order":0,"comment_status":"closed","ping_status":"closed","template":"","meta":{"_monsterinsights_skip_tracking":false,"_monsterinsights_sitenote_active":false,"_monsterinsights_sitenote_note":"","_monsterinsights_sitenote_category":0},"yoast_head":"<!-- This site is optimized with the Yoast SEO plugin v17.7.1 - https:\/\/yoast.com\/wordpress\/plugins\/seo\/ -->\n<meta name=\"robots\" content=\"index, follow, max-snippet:-1, max-image-preview:large, max-video-preview:-1\" \/>\n<link rel=\"canonical\" href=\"https:\/\/ubytovanie-fortuna.sk\/sk\/kontakt\/\" \/>\n<meta property=\"og:locale\" content=\"pl_PL\" \/>\n<meta property=\"og:type\" content=\"article\" \/>\n<meta property=\"og:title\" content=\"Kontakt - Penzi\u00f3n Fortuna\" \/>\n<meta property=\"og:description\" content=\"Masz jakie\u015b pytania lub chcesz zarezerwowa\u0107 nocleg w Pension Fortuna? Za pomoc\u0105 formularza kontaktowego, napisz do nas na:\u00a0\u00a0info@ubytovanie-fortuna.sk\u00a0lub zadzwo\u0144: +421 911 720 687 +421 911 710 669 www.ubytovanie-fortuna.sk Napisz do nas Adres Penzi\u00f3n Fortuna P. J. Kerna 77 031 01 Liptovsk\u00fd Mikul\u00e1\u0161 Slovensk\u00e1 Republika Wsp\u00f3\u0142rz\u0119dne GPS: 49\u00b03&#8217;42.65&#8243;N, 19\u00b034&#8217;56.41&#8243;E Mapa Partnerzy\" \/>\n<meta property=\"og:url\" content=\"https:\/\/ubytovanie-fortuna.sk\/sk\/kontakt\/\" \/>\n<meta property=\"og:site_name\" content=\"Penzi\u00f3n Fortuna\" \/>\n<meta property=\"article:modified_time\" content=\"2021-12-10T10:53:24+00:00\" \/>\n<meta property=\"og:image\" content=\"http:\/\/ubytovanie-fortuna.sk\/wp-content\/uploads\/2016\/05\/index3.png\" \/>\n<meta name=\"twitter:card\" content=\"summary\" \/>\n<meta name=\"twitter:label1\" content=\"Szacowany czas czytania\" \/>\n\t<meta name=\"twitter:data1\" content=\"1 minuta\" \/>\n<script type=\"application\/ld+json\" class=\"yoast-schema-graph\">{\"@context\":\"https:\/\/schema.org\",\"@graph\":[{\"@type\":\"WebSite\",\"@id\":\"https:\/\/ubytovanie-fortuna.sk\/sk\/#website\",\"url\":\"https:\/\/ubytovanie-fortuna.sk\/sk\/\",\"name\":\"Penzi\\u00f3n Fortuna\",\"description\":\"Ubytovanie Dem\\u00e4nov\\u00e1, Slovensko\",\"potentialAction\":[{\"@type\":\"SearchAction\",\"target\":{\"@type\":\"EntryPoint\",\"urlTemplate\":\"https:\/\/ubytovanie-fortuna.sk\/sk\/?s={search_term_string}\"},\"query-input\":\"required name=search_term_string\"}],\"inLanguage\":\"pl-PL\"},{\"@type\":\"ImageObject\",\"@id\":\"https:\/\/ubytovanie-fortuna.sk\/sk\/kontakt\/#primaryimage\",\"inLanguage\":\"pl-PL\",\"url\":\"http:\/\/ubytovanie-fortuna.sk\/wp-content\/uploads\/2016\/05\/index3.png\",\"contentUrl\":\"http:\/\/ubytovanie-fortuna.sk\/wp-content\/uploads\/2016\/05\/index3.png\"},{\"@type\":\"WebPage\",\"@id\":\"https:\/\/ubytovanie-fortuna.sk\/sk\/kontakt\/#webpage\",\"url\":\"https:\/\/ubytovanie-fortuna.sk\/sk\/kontakt\/\",\"name\":\"Kontakt - Penzi\\u00f3n Fortuna\",\"isPartOf\":{\"@id\":\"https:\/\/ubytovanie-fortuna.sk\/sk\/#website\"},\"primaryImageOfPage\":{\"@id\":\"https:\/\/ubytovanie-fortuna.sk\/sk\/kontakt\/#primaryimage\"},\"datePublished\":\"2016-05-01T21:13:50+00:00\",\"dateModified\":\"2021-12-10T10:53:24+00:00\",\"breadcrumb\":{\"@id\":\"https:\/\/ubytovanie-fortuna.sk\/sk\/kontakt\/#breadcrumb\"},\"inLanguage\":\"pl-PL\",\"potentialAction\":[{\"@type\":\"ReadAction\",\"target\":[\"https:\/\/ubytovanie-fortuna.sk\/sk\/kontakt\/\"]}]},{\"@type\":\"BreadcrumbList\",\"@id\":\"https:\/\/ubytovanie-fortuna.sk\/sk\/kontakt\/#breadcrumb\",\"itemListElement\":[{\"@type\":\"ListItem\",\"position\":1,\"name\":\"Domovsk\\u00e1 str\\u00e1nka\",\"item\":\"https:\/\/ubytovanie-fortuna.sk\/sk\/\"},{\"@type\":\"ListItem\",\"position\":2,\"name\":\"Kontakt\"}]}]}<\/script>\n<!-- \/ Yoast SEO plugin. -->","yoast_head_json":{"robots":{"index":"index","follow":"follow","max-snippet":"max-snippet:-1","max-image-preview":"max-image-preview:large","max-video-preview":"max-video-preview:-1"},"canonical":"https:\/\/ubytovanie-fortuna.sk\/sk\/kontakt\/","og_locale":"pl_PL","og_type":"article","og_title":"Kontakt - Penzi\u00f3n Fortuna","og_description":"Masz jakie\u015b pytania lub chcesz zarezerwowa\u0107 nocleg w Pension Fortuna? Za pomoc\u0105 formularza kontaktowego, napisz do nas na:\u00a0\u00a0info@ubytovanie-fortuna.sk\u00a0lub zadzwo\u0144: +421 911 720 687 +421 911 710 669 www.ubytovanie-fortuna.sk Napisz do nas Adres Penzi\u00f3n Fortuna P. J. Kerna 77 031 01 Liptovsk\u00fd Mikul\u00e1\u0161 Slovensk\u00e1 Republika Wsp\u00f3\u0142rz\u0119dne GPS: 49\u00b03&#8217;42.65&#8243;N, 19\u00b034&#8217;56.41&#8243;E Mapa Partnerzy","og_url":"https:\/\/ubytovanie-fortuna.sk\/sk\/kontakt\/","og_site_name":"Penzi\u00f3n Fortuna","article_modified_time":"2021-12-10T10:53:24+00:00","og_image":[{"url":"http:\/\/ubytovanie-fortuna.sk\/wp-content\/uploads\/2016\/05\/index3.png"}],"twitter_card":"summary","twitter_misc":{"Szacowany czas czytania":"1 minuta"},"schema":{"@context":"https:\/\/schema.org","@graph":[{"@type":"WebSite","@id":"https:\/\/ubytovanie-fortuna.sk\/sk\/#website","url":"https:\/\/ubytovanie-fortuna.sk\/sk\/","name":"Penzi\u00f3n Fortuna","description":"Ubytovanie Dem\u00e4nov\u00e1, Slovensko","potentialAction":[{"@type":"SearchAction","target":{"@type":"EntryPoint","urlTemplate":"https:\/\/ubytovanie-fortuna.sk\/sk\/?s={search_term_string}"},"query-input":"required name=search_term_string"}],"inLanguage":"pl-PL"},{"@type":"ImageObject","@id":"https:\/\/ubytovanie-fortuna.sk\/sk\/kontakt\/#primaryimage","inLanguage":"pl-PL","url":"http:\/\/ubytovanie-fortuna.sk\/wp-content\/uploads\/2016\/05\/index3.png","contentUrl":"http:\/\/ubytovanie-fortuna.sk\/wp-content\/uploads\/2016\/05\/index3.png"},{"@type":"WebPage","@id":"https:\/\/ubytovanie-fortuna.sk\/sk\/kontakt\/#webpage","url":"https:\/\/ubytovanie-fortuna.sk\/sk\/kontakt\/","name":"Kontakt - Penzi\u00f3n Fortuna","isPartOf":{"@id":"https:\/\/ubytovanie-fortuna.sk\/sk\/#website"},"primaryImageOfPage":{"@id":"https:\/\/ubytovanie-fortuna.sk\/sk\/kontakt\/#primaryimage"},"datePublished":"2016-05-01T21:13:50+00:00","dateModified":"2021-12-10T10:53:24+00:00","breadcrumb":{"@id":"https:\/\/ubytovanie-fortuna.sk\/sk\/kontakt\/#breadcrumb"},"inLanguage":"pl-PL","potentialAction":[{"@type":"ReadAction","target":["https:\/\/ubytovanie-fortuna.sk\/sk\/kontakt\/"]}]},{"@type":"BreadcrumbList","@id":"https:\/\/ubytovanie-fortuna.sk\/sk\/kontakt\/#breadcrumb","itemListElement":[{"@type":"ListItem","position":1,"name":"Domovsk\u00e1 str\u00e1nka","item":"https:\/\/ubytovanie-fortuna.sk\/sk\/"},{"@type":"ListItem","position":2,"name":"Kontakt"}]}]}},"_links":{"self":[{"href":"https:\/\/ubytovanie-fortuna.sk\/pl\/wp-json\/wp\/v2\/pages\/272"}],"collection":[{"href":"https:\/\/ubytovanie-fortuna.sk\/pl\/wp-json\/wp\/v2\/pages"}],"about":[{"href":"https:\/\/ubytovanie-fortuna.sk\/pl\/wp-json\/wp\/v2\/types\/page"}],"author":[{"embeddable":true,"href":"https:\/\/ubytovanie-fortuna.sk\/pl\/wp-json\/wp\/v2\/users\/3"}],"replies":[{"embeddable":true,"href":"https:\/\/ubytovanie-fortuna.sk\/pl\/wp-json\/wp\/v2\/comments?post=272"}],"version-history":[{"count":6,"href":"https:\/\/ubytovanie-fortuna.sk\/pl\/wp-json\/wp\/v2\/pages\/272\/revisions"}],"predecessor-version":[{"id":1492,"href":"https:\/\/ubytovanie-fortuna.sk\/pl\/wp-json\/wp\/v2\/pages\/272\/revisions\/1492"}],"wp:attachment":[{"href":"https:\/\/ubytovanie-fortuna.sk\/pl\/wp-json\/wp\/v2\/media?parent=272"}],"curies":[{"name":"wp","href":"https:\/\/api.w.org\/{rel}","templated":true}]}}