{"id":240,"date":"2016-05-01T22:42:52","date_gmt":"2016-05-01T20:42:52","guid":{"rendered":"http:\/\/ubytovanie-fortuna.sk\/?page_id=240"},"modified":"2025-08-07T10:57:01","modified_gmt":"2025-08-07T08:57:01","slug":"sluzby-ubytovanie-stravovanie","status":"publish","type":"page","link":"https:\/\/ubytovanie-fortuna.sk\/hu\/szallas-es-etkezes-arjegyzek\/","title":{"rendered":"Sz\u00e1ll\u00e1s \u00e9s \u00e9tkez\u00e9s, \u00e1rjegyz\u00e9k"},"content":{"rendered":"<p>A\u00a0panzi\u00f3 sz\u00edve \u00e9s lelke a tulajdonos K\u0148aze-h\u00e1zasp\u00e1r, akik a panzi\u00f3t maguk \u00fczemeltetik. Jelen vannak a reggeli t\u00e1lal\u00e1sakor \u00e9s az egy\u00e9b szolg\u00e1ltat\u00e1sokn\u00e1l is a vend\u00e9gek rendelkez\u00e9s\u00e9re \u00e1llnak, hogy ezzel is n\u00f6velj\u00e9k a kellemes \u00e9s csal\u00e1dias hangulatot. Megfelel\u0151 hely ak\u00e1r a nyaral\u00e1s, ak\u00e1r a t\u00e9li akt\u00edv pihen\u00e9s elt\u00f6lt\u00e9s\u00e9re.<\/p>\n<p><em>\u201eHossz\u00fa \u00fat \u00e9s sok munka vezetett el addig, hogy vend\u00e9geink maxim\u00e1lisan el\u00e9gedettek lehessenek. Lehet\u0151s\u00e9geinkhez m\u00e9rten mindig igyeksz\u00fcnk fejl\u0151dni, jav\u00edtani a\u00a0panzi\u00f3 \u00e9p\u00fclet\u00e9n \u00e9s a\u00a0szolg\u00e1ltat\u00e1saink min\u0151s\u00e9g\u00e9n.\u201c<\/em><\/p>\n<p>Ha kinn mindent bebor\u00edt a\u00a0feh\u00e9r takar\u00f3, biztosak lehetnek benne, hogy itt j\u00f3 min\u0151s\u00e9g\u0171 p\u00e1ly\u00e1kat tal\u00e1lnak, \u00e9s remek \u00e9lm\u00e9nyekkel gazdagodnak az Alacsony- \u00e9s a\u00a0Magas T\u00e1tra s\u00edk\u00f6zpontjaiban. A\u00a0s\u00edel\u00e9s ut\u00e1n pedig csal\u00e1dias hangulatban, a\u00a0kandall\u00f3ban pattog\u00f3 t\u0171z mellett megpihenhetnek a\u00a0Fortuna Panzi\u00f3ban.<\/p>\n<p><strong>\u00dcdv\u00f6z\u00f6lj\u00fck \u00d6n\u00f6ket!<\/strong><\/p>\n<h2>SZ\u00c1LL\u00c1S<\/h2>\n<p><strong>A Penzi\u00f3n Fortuna<\/strong><br \/>\n<div tabindex=\"0\" class=\"cycloneslider cycloneslider-template-standard cycloneslider-width-full\" id=\"cycloneslider-ubytovanie-a-stravovanie-5\" > <div class=\"cycloneslider-slides cycle-slideshow\" data-cycle-allow-wrap=\"true\" data-cycle-dynamic-height=\"off\" data-cycle-auto-height=\"1920:1080\" data-cycle-auto-height-easing=\"null\" data-cycle-auto-height-speed=\"250\" data-cycle-delay=\"0\" data-cycle-easing=\"\" data-cycle-fx=\"fadeout\" data-cycle-hide-non-active=\"true\" data-cycle-log=\"false\" data-cycle-next=\"#cycloneslider-ubytovanie-a-stravovanie-5 .cycloneslider-next\" data-cycle-pager=\"#cycloneslider-ubytovanie-a-stravovanie-5 .cycloneslider-pager\" data-cycle-pause-on-hover=\"true\" data-cycle-prev=\"#cycloneslider-ubytovanie-a-stravovanie-5 .cycloneslider-prev\" data-cycle-slides=\"&gt; div\" data-cycle-speed=\"1000\" data-cycle-swipe=\"1\" data-cycle-tile-count=\"7\" data-cycle-tile-delay=\"100\" data-cycle-tile-vertical=\"true\" data-cycle-timeout=\"4000\" > <div class=\"cycloneslider-slide cycloneslider-slide-image\" > <img src=\"https:\/\/ubytovanie-fortuna.sk\/wp-content\/uploads\/2016\/07\/IMG_4379-1920x1080.jpg\" alt=\"\" title=\"\" \/> <\/div> <div class=\"cycloneslider-slide cycloneslider-slide-image\" > <img src=\"https:\/\/ubytovanie-fortuna.sk\/wp-content\/uploads\/2016\/06\/food-breakfast-egg-milk-1920x1080.jpg\" alt=\"\" title=\"\" \/> <\/div> <div class=\"cycloneslider-slide cycloneslider-slide-image\" > <img src=\"https:\/\/ubytovanie-fortuna.sk\/wp-content\/uploads\/2016\/07\/IMG_4526-1920x1080.jpg\" alt=\"\" title=\"\" \/> <\/div> <div class=\"cycloneslider-slide cycloneslider-slide-image\" > <img src=\"https:\/\/ubytovanie-fortuna.sk\/wp-content\/uploads\/2016\/05\/IMG_20170625_104354_BURST001_COVER_resized_20171212_115614880-1920x1080.jpg\" alt=\"\" title=\"\" \/> <\/div> <div class=\"cycloneslider-slide cycloneslider-slide-image\" > <img src=\"https:\/\/ubytovanie-fortuna.sk\/wp-content\/uploads\/2016\/08\/rsz_p3221448-1920x1080.jpg\" alt=\"\" title=\"\" \/> <\/div> <div class=\"cycloneslider-slide cycloneslider-slide-image\" > <img src=\"https:\/\/ubytovanie-fortuna.sk\/wp-content\/uploads\/2016\/06\/food-chicken-meat-outdoors-1920x1080.jpg\" alt=\"\" title=\"\" \/> <\/div> <div class=\"cycloneslider-slide cycloneslider-slide-image\" > <img src=\"https:\/\/ubytovanie-fortuna.sk\/wp-content\/uploads\/2021\/12\/IMG_20170625_104421_BURST001_COVER_resized_20170627_082118859-1920x1080.jpg\" alt=\"\" title=\"\" \/> <\/div> <\/div> <div class=\"cycloneslider-pager\"><\/div> <a href=\"#\" class=\"cycloneslider-prev\"> <span class=\"arrow\"><\/span> <\/a> <a href=\"#\" class=\"cycloneslider-next\"> <span class=\"arrow\"><\/span> <\/a> <\/div><\/p>\n<p>A Fortuna Panzi\u00f3 Dem\u00e4nov\u00e1 k\u00f6zs\u00e9gben tal\u00e1lhat\u00f3, az Alacsony T\u00e1tra (N\u00edzke Tatry) fest\u0151i sz\u00e9ps\u00e9g\u0171 k\u00f6rnyezet\u00e9ben. Az \u00fcd\u00fcl\u0151\u00a0 term\u00e9szeti adotts\u00e1gaival \u00e9s szolg\u00e1ltat\u00e1saival ide\u00e1lis hely a ny\u00e1ri \u00e9s t\u00e9li szabads\u00e1gok kellemes elt\u00f6lt\u00e9s\u00e9re, de kisebb rendezv\u00e9nyek is megrendezhet\u0151k itt. A k\u00f6zelben tal\u00e1lhat\u00f3 a Jasn\u00e1 s\u00edk\u00f6zpont, a Tatralandia Aquapark, a Liptovsk\u00e1 Mara nev\u0171 v\u00edzt\u00e1rol\u00f3, a dem\u00e4nov\u00e1i barlangok (Dem\u00e4novsk\u00e9 jaskyne) \u00e9s m\u00e9g sok m\u00e1s tov\u00e1bbi hely is, ahov\u00e1 a vend\u00e9gek az akt\u00edv pihen\u00e9s, sz\u00f3rakoz\u00e1s \u00e9s relax\u00e1ci\u00f3 c\u00e9lj\u00e1b\u00f3l ell\u00e1togathatnak. A kellemes, panzi\u00f3 t\u00edpus\u00fa \u00fcd\u00fcl\u0151nkben a szob\u00e1k \u00e9s apartmanok saj\u00e1t szoci\u00e1lis helys\u00e9ggel rendelkeznek. Az \u00e1tlagon fel\u00fcli felszerelts\u00e9g \u00e9s szolg\u00e1ltat\u00e1sok kiel\u00e9g\u00edtik az ig\u00e9nyesebb vend\u00e9gek ig\u00e9nyeit is.<\/p>\n<p>Szeretettel v\u00e1rjuk \u00d6n\u00f6ket!<\/p>\n<p>Az elsz\u00e1ll\u00e1sol\u00e1st k\u00e9t\u00e1gyas szob\u00e1kban biztos\u00edtjuk, amelyekben lehet\u0151s\u00e9g van 1 vagy 2 p\u00f3t\u00e1gy elhelyez\u00e9s\u00e9re is, vagy pedig apartmanokban.<\/p>\n<p>&nbsp;<\/p>\n<table width=\"801\">\n<tbody>\n<tr>\n<td>Az elsz\u00e1ll\u00e1sol\u00e1st k\u00e9t\u00e1gyas szob\u00e1kban biztos\u00edtjuk, amelyekben<br \/>\nlehet\u0151s\u00e9g van 1 vagy 2 p\u00f3t\u00e1gy elhelyez\u00e9s\u00e9re is, vagypedig apartmanokban.<\/td>\n<td><\/td>\n<\/tr>\n<\/tbody>\n<\/table>\n<ul>\n<li><span style=\"text-decoration: underline;\"><a href=\"#arjegyzek\">\u00c1rjegyz\u00e9k<\/a><\/span><\/li>\n<li><a href=\"http:\/\/ubytovanie-fortuna.sk\/accommodation-catering-prices\/\">Kieg\u00e9sz\u00edt\u0151 inform\u00e1ci\u00f3k:<\/a><\/li>\n<li><a href=\"http:\/\/ubytovanie-fortuna.sk\/accommodation-catering-prices\/\">A\u00a0sz\u00e1ll\u00e1s lemond\u00e1s\u00e1nak felt\u00e9telei<\/a>:<\/li>\n<\/ul>\n<p>Az elsz\u00e1ll\u00e1sol\u00e1st k\u00e9t\u00e1gyas szob\u00e1kban biztos\u00edtjuk, amelyekben lehet\u0151s\u00e9g van 1 vagy 2 p\u00f3t\u00e1gy elhelyez\u00e9s\u00e9re is, vagypedig apartmanokban.<\/p>\n<div class=\"container\">\n<div class=\"home_box\">\n<p>Apartman:<\/p>\n<ul>\n<li><strong>APP<\/strong> &#8211; 2 k\u00e9t\u00e1gyas szoba\u00a0+ 1 p\u00f3t\u00e1gy<\/li>\n<li><strong>AP\u013d<\/strong> &#8211; 2 k\u00e9t\u00e1gyas szoba<\/li>\n<li><strong>APN<\/strong> &#8211; 2 k\u00e9t\u00e1gyas szoba + 1 p\u00f3t\u00e1gy<\/li>\n<\/ul>\n<\/div>\n<div class=\"home_box\">\n<p>Szob\u00e1k:<\/p>\n<ul>\n<li><strong>Izba \u010d. 2<\/strong> (kettes sz. szoba) &#8211; k\u00e9t\u00e1gyas + 2 p\u00f3t\u00e1gy<\/li>\n<li><strong>Izba \u010d. 3<\/strong> (h\u00e1rmas sz. szoba) &#8211; k\u00e9t\u00e1gyas + 1 p\u00f3t\u00e1gy<\/li>\n<li><strong>Izba \u010d. 4<\/strong> (n\u00e9gyes sz. szoba) &#8211; k\u00e9t\u00e1gyas + 2 p\u00f3t\u00e1gy<\/li>\n<li><strong>Izba \u010d. 5<\/strong> (\u00f6t\u00f6s sz. szoba) &#8211; k\u00e9t\u00e1gyas + 2 p\u00f3t\u00e1gy<\/li>\n<li><strong>Izba \u010d. 6<\/strong> (hatos sz. szoba) &#8211; k\u00e9t\u00e1gyas p\u00f3t\u00e1gy n\u00e9lk\u00fcl<\/li>\n<\/ul>\n<\/div>\n<p>&nbsp;<\/p>\n<p>Minden apartman a k\u00f6vetkez\u0151 helyis\u00e9gekb\u0151l \u00e1ll: k\u00e9t k\u00e9t\u00e1gyas szoba (1x 2+1), minden szob\u00e1ban van SAT-TV \u00e9s internet-csatlakoz\u00e1s, teljesen feleszerelt konyha h\u0171t\u0151szekr\u00e9nnyel, f\u00fcrd\u0151szoba (WC + zuhanyz\u00f3).\u00a0 A sz\u00e1ll\u00e1shoz tov\u00e1bbi szolg\u00e1ltat\u00e1sok is tartoznak.<\/p>\n<\/div>\n<p><strong>Minden szob\u00e1ban tal\u00e1lhat\u00f3:<\/strong> saj\u00e1t szoci\u00e1lis helys\u00e9g (WC+ zuhanyz\u00f3), m\u0171holdas csatorn\u00e1k v\u00e9tel\u00e9re alkalmas TV (SAT-TV), h\u0171t\u0151szekr\u00e9ny, internet-csatlakoz\u00e1s, jelz\u0151berendez\u00e9s (riaszt\u00f3). Emellet k\u00e9t teljesen felszerelt konyha is vend\u00e9geink rendelkez\u00e9sre \u00e1ll(benn\u00fck villanyt\u0171zhely, v\u00edzforral\u00f3, ed\u00e9nyek, ev\u0151eszk\u00f6z\u00f6k).<\/p>\n<p><strong>\u00cdzletes \u00e9s b\u0151s\u00e9ges reggelivel v\u00e1rjuk, melyhez ig\u00e9ny szerint a panzi\u00f3 tulajdonosai h\u00e1zi s\u00fctem\u00e9nyeket vagy friss di\u00f3s palacsint\u00e1t k\u00edn\u00e1lnak. A reggeli d\u00edja egy napra feln\u0151tteknek 8,00 \u20ac, gyerekeknek 5,00 \u20ac.<\/strong><\/p>\n<h2><strong>Egy\u00e9b szolg\u00e1ltat\u00e1sok:<\/strong><\/h2>\n<p>Szeretettel v\u00e1rjuk a b\u00e1rban, ahol k\u00edt\u0171n\u0151 k\u00e1v\u00e9t k\u00edn\u00e1lunk \u00e9s igazi s\u00f6rk\u00fcl\u00f6nlegess\u00e9get csapolunk,\u00a0 az ERB-et, mely egy selmecb\u00e1nyai k\u00e9zm\u0171ves s\u00f6r.<\/p>\n<p>A\u00a0tea kedvel\u0151inek t\u00e1traalji gy\u00f3gyn\u00f6v\u00e9nyekb\u0151l k\u00e9sz\u00fclt teakever\u00e9keket k\u00edn\u00e1lunk, az \u00d6n\u00f6k ig\u00e9nyeihez m\u00e9rten.<\/p>\n<p>Lehet\u0151s\u00e9g\u00fck van teniszezni is nem messze a\u00a0Fortuna panzi\u00f3t\u00f3l, kb. 200 m\u00e9terre tal\u00e1lhat\u00f3 egy teniszp\u00e1lya.<\/p>\n<p><a name=\"arjegyzek\"><\/a><\/p>\n<h2>\u00c1rjegyz\u00e9k<\/h2>\n<div class=\"container\">\n<div class=\"home_box\"><b>Spring and Autumn<\/b><br \/>\n<strong>April 4<sup>th<\/sup> &#8211; May 31<sup>st<\/sup> \/ October 1<sup>st<\/sup> &#8211; November 11<sup>th<\/sup><\/strong><\/p>\n<table class=\"\u201ccen_tab\u201d\">\n<tbody>\n<tr>\n<td>bed<\/td>\n<td>26,0\u20ac<\/td>\n<\/tr>\n<tr>\n<td>extra bed<\/td>\n<td>17,0\u20ac<\/td>\n<\/tr>\n<tr>\n<td>apartment without a balcony<\/td>\n<td>104,0\u20ac<\/td>\n<\/tr>\n<tr>\n<td>apartment with a balcony<\/td>\n<td>108,0\u20ac<\/td>\n<\/tr>\n<\/tbody>\n<\/table>\n<\/div>\n<div class=\"home_box\"><b>Summer<\/b><br \/>\n<strong>June 1<sup>st<\/sup> &#8211; September 30<sup>th<\/sup><\/strong><\/p>\n<table class=\"\u201ccen_tab\u201d\">\n<tbody>\n<tr>\n<td>bed<\/td>\n<td>28,0\u20ac<\/td>\n<\/tr>\n<tr>\n<td>extra bed<\/td>\n<td>18,0\u20ac<\/td>\n<\/tr>\n<tr>\n<td>apartment without a balcony<\/td>\n<td>114,0\u20ac<\/td>\n<\/tr>\n<tr>\n<td>apartment with a balcony<\/td>\n<td>118,0\u20ac<\/td>\n<\/tr>\n<\/tbody>\n<\/table>\n<\/div>\n<div class=\"clear\"><\/div>\n<\/div>\n<div class=\"home_box\"><b>Winter<\/b><br \/>\n<strong>December 1<sup>st<\/sup> &#8211; April 3<sup>rd<\/sup><\/strong><\/p>\n<table class=\"\u201ccen_tab\u201d\">\n<tbody>\n<tr>\n<td>bed<\/td>\n<td>30,0\u20ac<\/td>\n<\/tr>\n<tr>\n<td>extra bed<\/td>\n<td>2,0\u20ac<\/td>\n<\/tr>\n<tr>\n<td>apartment without a balcony<\/td>\n<td>118,0\u20ac<\/td>\n<\/tr>\n<tr>\n<td>apartment with a balcony<\/td>\n<td>122,0\u20ac<\/td>\n<\/tr>\n<\/tbody>\n<\/table>\n<div class=\"clear\"><\/div>\n<\/div>\n<div class=\"home_box\"><b>Christmas and New Year<\/b><br \/>\n<strong>December 24<sup>th<\/sup> &#8211; January 2<sup>nd<\/sup><\/strong><\/p>\n<table class=\"\u201ccen_tab\u201d\">\n<tbody>\n<tr>\n<td>bed<\/td>\n<td>38,0\u20ac<\/td>\n<\/tr>\n<tr>\n<td>extra bed<\/td>\n<td>24,0\u20ac<\/td>\n<\/tr>\n<tr>\n<td>apartment without a balcony<\/td>\n<td>134,0\u20ac<\/td>\n<\/tr>\n<tr>\n<td>apartment with a balcony<\/td>\n<td>138,0\u20ac<\/td>\n<\/tr>\n<\/tbody>\n<\/table>\n<\/div>\n<div class=\"clear\"><\/div>\n<p><a name=\"extra-info\"><\/a><\/p>\n<h2><strong>Kieg\u00e9sz\u00edt\u0151 inform\u00e1ci\u00f3k:<\/strong><\/h2>\n<ul>\n<li>Gyermek p\u00f3t\u00e1gy vagy kis\u00e1gy ig\u00e9nye n\u00e9k\u00fcl ingyen;<\/li>\n<li>Egy szem\u00e9ly a\u00a0k\u00e9t\u00e1gyas szob\u00e1ban\u00a0 50%-os\u00a0 f\u00f6l\u00e1rat fizet;<\/li>\n<li>Kis\u00e1gy k\u00f6lcs\u00f6nz\u00e9s\u00e9nek \u00e1ra egyszeri 5 \u20ac.<\/li>\n<li>A szob\u00e1kat 16:00 \u00e9s 20:00 \u00f3ra k\u00f6z\u00f6tt lehet elfoglalni. Az szob\u00e1kat k\u00e9rj\u00fck 10:00 \u00f3r\u00e1ig elhagyni.<\/li>\n<li>A\u00a0panzi\u00f3 \u00e9p\u00fcletein bel\u00fcl tilos a\u00a0doh\u00e1nyz\u00e1s. Doh\u00e1nyozni az udvaron, az arra kijel\u00f6lt helyen lehet;<\/li>\n<li>Az \u00e1rak nem tartalmazz\u00e1k a\u00a0helyi illet\u00e9ket, mely\u00a0 egy \u00e9jszak\u00e1ra 1 Euro \u00e9s minden 10 \u00e9v f\u00f6l\u00f6tti szem\u00e9lyre \u00e9rv\u00e9nyes;<\/li>\n<li>Az \u00e1rak 6 vagy t\u00f6bb \u00e9jszaka foglal\u00e1sa eset\u00e9n \u00e9rv\u00e9nyesek;<\/li>\n<li>Az apartman \u00e1ra max. 4 f\u0151re \u00e9rtend\u0151, a\u00a0 p\u00f3t\u00e1gy\u00e9rt k\u00fcl\u00f6n kell fizetni;<\/li>\n<li>H\u00e1zi\u00e1llat el\u0151zetes egyeztet\u00e9s ut\u00e1n hozhat\u00f3;<\/li>\n<li>Elfogadunk MasterCard, Maestro, Visa, Visa Electron k\u00e1rty\u00e1kat &#8211;<strong> K\u00e1rty\u00e1s fizet\u00e9s eset\u00e9n a befizetett \u00f6sszeg 2%-\u00e1t tov\u00e1bbi d\u00edjk\u00e9nt sz\u00e1moljuk fel.<\/strong><\/li>\n<li>\u00a0<strong>A sz\u00e1ll\u00e1s d\u00edja nem tartalmazza a szaun\u00e1z\u00e1st. A szauna \u00e1ra egy \u00f3r\u00e1ra 8 euro\/f\u0151.<\/strong><\/li>\n<li>A\u00a0sz\u00e1ll\u00e1s d\u00edj\u00e1nak fennmarad\u00f3 r\u00e9sze az \u00e9rkez\u00e9s napj\u00e1n fizetend\u0151.<\/li>\n<li>Az \u00e1rv\u00e1ltoztat\u00e1s jog\u00e1t fenntartjuk.<\/li>\n<\/ul>\n<h2>A\u00a0sz\u00e1ll\u00e1s lemond\u00e1s\u00e1nak felt\u00e9telei:<\/h2>\n<ul>\n<li>Amennyiben a\u00a0sz\u00e1ll\u00e1st a\u00a0szolg\u00e1ltat\u00e1s ig\u00e9nybev\u00e9tele el\u0151tt 2 h\u00e9ttel mondj\u00e1k le, visszafizetj\u00fck a\u00a0foglal\u00f3 50%-\u00e1t;<\/li>\n<li>Amennyiben a\u00a0sz\u00e1ll\u00e1st a\u00a0szolg\u00e1ltat\u00e1s ig\u00e9nybev\u00e9tel\u00e9hez k\u00e9pest 2 h\u00e9ten bel\u00fcl mondj\u00e1k le, a\u00a0foglal\u00f3t nem adjuk vissza.<\/li>\n<\/ul>\n<p>\n    <div id=\"parallax_container560\" class=\"parallax-window-container adamrob_parallax_fullwidth \">\n\n\t<div id=\"parallax_560\" class=\"adamrob_parallax adamrob_parallax_fullwidth \" \n\t            \t\t\t\t\tstyle=\"height:500px; \" \n\t            \t\t\t\t\tdata-parallax=\"scroll\" data-image-src=\"https:\/\/ubytovanie-fortuna.sk\/wp-content\/uploads\/2016\/08\/rsz_img_4638-1.jpg\" \n\t            \t\t\t\t\tdata-z-Index=\"1\" \n\t            \t\t\t\t\tdata-ios-fix=\"true\" \n\t            \t\t\t\t\tdata-android-fix=\"true\"\n\t            \t\t\t\t\tdata-speed=\"0.4\">\n\n\n\n\t\t<div id=\"parallax_560_content\" class=\"adamrob_pcontainer\" style=\"height:500px;\">\n\n\t\t\n\t\t\t<table style=\"width:100%; height:100%; border-style:none; margin:0;\">\n\t\t\t\t<tr>\n\t\t\t\t\t<td class=\"parallax-header\" style=\"text-align:center; vertical-align:middle; padding:20px; border-style:none;\">\n\t\t\t\t\t\t<div id=\"parallax_560_posttitle\" class=\"adamrob_parallax_posttitle\" style=\"\">\n\t\t\t\t\t\t\t\t\t\t\t\t\t<\/div>\n\t\t\t\t\t<\/td>\n\t\t\t\t<\/tr>\n\t\t\t<\/table>\n\n\t\t\n\n\t\t<\/div>\n\n<\/div>\n\t\n\t\t    <\/div>\n\t<\/p>","protected":false},"excerpt":{"rendered":"<p>A\u00a0panzi\u00f3 sz\u00edve \u00e9s lelke a tulajdonos K\u0148aze-h\u00e1zasp\u00e1r, akik a panzi\u00f3t maguk \u00fczemeltetik. Jelen vannak a reggeli t\u00e1lal\u00e1sakor \u00e9s az egy\u00e9b szolg\u00e1ltat\u00e1sokn\u00e1l is a vend\u00e9gek rendelkez\u00e9s\u00e9re \u00e1llnak, hogy ezzel is n\u00f6velj\u00e9k a kellemes \u00e9s csal\u00e1dias hangulatot. Megfelel\u0151 hely ak\u00e1r a nyaral\u00e1s, ak\u00e1r a t\u00e9li akt\u00edv pihen\u00e9s elt\u00f6lt\u00e9s\u00e9re. \u201eHossz\u00fa \u00fat \u00e9s sok munka vezetett el addig, hogy [&hellip;]<\/p>\n","protected":false},"author":3,"featured_media":0,"parent":0,"menu_order":0,"comment_status":"closed","ping_status":"closed","template":"","meta":{"_monsterinsights_skip_tracking":false,"_monsterinsights_sitenote_active":false,"_monsterinsights_sitenote_note":"","_monsterinsights_sitenote_category":0},"yoast_head":"<!-- This site is optimized with the Yoast SEO plugin v17.7.1 - https:\/\/yoast.com\/wordpress\/plugins\/seo\/ -->\n<meta name=\"description\" content=\"(Sloven\u010dina) Penzi\u00f3ne Fortuna - Cenn\u00edk apar\u00e1tm\u00e1nov, izieb, ubytovania, stravovania a slu\u017eieb v Penzi\u00f3ne Fortuna, Dem\u00e4nov\u00e1, Liptovsk\u00fd Mikul\u00e1\u0161, Slovensko\" \/>\n<meta name=\"robots\" content=\"index, follow, max-snippet:-1, max-image-preview:large, max-video-preview:-1\" \/>\n<link rel=\"canonical\" href=\"https:\/\/ubytovanie-fortuna.sk\/sk\/ubytovanie-stravovanie-ceny\/\" \/>\n<meta property=\"og:locale\" content=\"hu_HU\" \/>\n<meta property=\"og:type\" content=\"article\" \/>\n<meta property=\"og:title\" content=\"Sz\u00e1ll\u00e1s \u00e9s \u00e9tkez\u00e9s, \u00e1rjegyz\u00e9k - Penzi\u00f3n Fortuna\" \/>\n<meta property=\"og:description\" content=\"{:sk}Penzi\u00f3ne Fortuna - Cenn\u00edk apar\u00e1tm\u00e1nov, izieb, ubytovania, stravovania a slu\u017eieb v Penzi\u00f3ne Fortuna, Dem\u00e4nov\u00e1, Liptovsk\u00fd Mikul\u00e1\u0161, Slovensko{:}\" \/>\n<meta property=\"og:url\" content=\"https:\/\/ubytovanie-fortuna.sk\/sk\/ubytovanie-stravovanie-ceny\/\" \/>\n<meta property=\"og:site_name\" content=\"Penzi\u00f3n Fortuna\" \/>\n<meta property=\"article:modified_time\" content=\"2025-08-07T08:57:01+00:00\" \/>\n<meta name=\"twitter:card\" content=\"summary\" \/>\n<meta name=\"twitter:label1\" content=\"Becs\u00fclt olvas\u00e1si id\u0151\" \/>\n\t<meta name=\"twitter:data1\" content=\"4 perc\" \/>\n<script type=\"application\/ld+json\" class=\"yoast-schema-graph\">{\"@context\":\"https:\/\/schema.org\",\"@graph\":[{\"@type\":\"WebSite\",\"@id\":\"https:\/\/ubytovanie-fortuna.sk\/sk\/#website\",\"url\":\"https:\/\/ubytovanie-fortuna.sk\/sk\/\",\"name\":\"Penzi\\u00f3n Fortuna\",\"description\":\"Ubytovanie Dem\\u00e4nov\\u00e1, Slovensko\",\"potentialAction\":[{\"@type\":\"SearchAction\",\"target\":{\"@type\":\"EntryPoint\",\"urlTemplate\":\"https:\/\/ubytovanie-fortuna.sk\/sk\/?s={search_term_string}\"},\"query-input\":\"required name=search_term_string\"}],\"inLanguage\":\"hu\"},{\"@type\":\"WebPage\",\"@id\":\"https:\/\/ubytovanie-fortuna.sk\/sk\/ubytovanie-stravovanie-ceny\/#webpage\",\"url\":\"https:\/\/ubytovanie-fortuna.sk\/sk\/ubytovanie-stravovanie-ceny\/\",\"name\":\"Sz\\u00e1ll\\u00e1s \\u00e9s \\u00e9tkez\\u00e9s, \\u00e1rjegyz\\u00e9k - Penzi\\u00f3n Fortuna\",\"isPartOf\":{\"@id\":\"https:\/\/ubytovanie-fortuna.sk\/sk\/#website\"},\"datePublished\":\"2016-05-01T20:42:52+00:00\",\"dateModified\":\"2025-08-07T08:57:01+00:00\",\"description\":\"{:sk}Penzi\\u00f3ne Fortuna - Cenn\\u00edk apar\\u00e1tm\\u00e1nov, izieb, ubytovania, stravovania a slu\\u017eieb v Penzi\\u00f3ne Fortuna, Dem\\u00e4nov\\u00e1, Liptovsk\\u00fd Mikul\\u00e1\\u0161, Slovensko{:}\",\"breadcrumb\":{\"@id\":\"https:\/\/ubytovanie-fortuna.sk\/sk\/ubytovanie-stravovanie-ceny\/#breadcrumb\"},\"inLanguage\":\"hu\",\"potentialAction\":[{\"@type\":\"ReadAction\",\"target\":[\"https:\/\/ubytovanie-fortuna.sk\/sk\/ubytovanie-stravovanie-ceny\/\"]}]},{\"@type\":\"BreadcrumbList\",\"@id\":\"https:\/\/ubytovanie-fortuna.sk\/sk\/ubytovanie-stravovanie-ceny\/#breadcrumb\",\"itemListElement\":[{\"@type\":\"ListItem\",\"position\":1,\"name\":\"Domovsk\\u00e1 str\\u00e1nka\",\"item\":\"https:\/\/ubytovanie-fortuna.sk\/sk\/\"},{\"@type\":\"ListItem\",\"position\":2,\"name\":\"Ubytovanie &#038; stravovanie\"}]}]}<\/script>\n<!-- \/ Yoast SEO plugin. -->","yoast_head_json":{"description":"(Sloven\u010dina) Penzi\u00f3ne Fortuna - Cenn\u00edk apar\u00e1tm\u00e1nov, izieb, ubytovania, stravovania a slu\u017eieb v Penzi\u00f3ne Fortuna, Dem\u00e4nov\u00e1, Liptovsk\u00fd Mikul\u00e1\u0161, Slovensko","robots":{"index":"index","follow":"follow","max-snippet":"max-snippet:-1","max-image-preview":"max-image-preview:large","max-video-preview":"max-video-preview:-1"},"canonical":"https:\/\/ubytovanie-fortuna.sk\/sk\/ubytovanie-stravovanie-ceny\/","og_locale":"hu_HU","og_type":"article","og_title":"Sz\u00e1ll\u00e1s \u00e9s \u00e9tkez\u00e9s, \u00e1rjegyz\u00e9k - Penzi\u00f3n Fortuna","og_description":"{:sk}Penzi\u00f3ne Fortuna - Cenn\u00edk apar\u00e1tm\u00e1nov, izieb, ubytovania, stravovania a slu\u017eieb v Penzi\u00f3ne Fortuna, Dem\u00e4nov\u00e1, Liptovsk\u00fd Mikul\u00e1\u0161, Slovensko{:}","og_url":"https:\/\/ubytovanie-fortuna.sk\/sk\/ubytovanie-stravovanie-ceny\/","og_site_name":"Penzi\u00f3n Fortuna","article_modified_time":"2025-08-07T08:57:01+00:00","twitter_card":"summary","twitter_misc":{"Becs\u00fclt olvas\u00e1si id\u0151":"4 perc"},"schema":{"@context":"https:\/\/schema.org","@graph":[{"@type":"WebSite","@id":"https:\/\/ubytovanie-fortuna.sk\/sk\/#website","url":"https:\/\/ubytovanie-fortuna.sk\/sk\/","name":"Penzi\u00f3n Fortuna","description":"Ubytovanie Dem\u00e4nov\u00e1, Slovensko","potentialAction":[{"@type":"SearchAction","target":{"@type":"EntryPoint","urlTemplate":"https:\/\/ubytovanie-fortuna.sk\/sk\/?s={search_term_string}"},"query-input":"required name=search_term_string"}],"inLanguage":"hu"},{"@type":"WebPage","@id":"https:\/\/ubytovanie-fortuna.sk\/sk\/ubytovanie-stravovanie-ceny\/#webpage","url":"https:\/\/ubytovanie-fortuna.sk\/sk\/ubytovanie-stravovanie-ceny\/","name":"Sz\u00e1ll\u00e1s \u00e9s \u00e9tkez\u00e9s, \u00e1rjegyz\u00e9k - Penzi\u00f3n Fortuna","isPartOf":{"@id":"https:\/\/ubytovanie-fortuna.sk\/sk\/#website"},"datePublished":"2016-05-01T20:42:52+00:00","dateModified":"2025-08-07T08:57:01+00:00","description":"{:sk}Penzi\u00f3ne Fortuna - Cenn\u00edk apar\u00e1tm\u00e1nov, izieb, ubytovania, stravovania a slu\u017eieb v Penzi\u00f3ne Fortuna, Dem\u00e4nov\u00e1, Liptovsk\u00fd Mikul\u00e1\u0161, Slovensko{:}","breadcrumb":{"@id":"https:\/\/ubytovanie-fortuna.sk\/sk\/ubytovanie-stravovanie-ceny\/#breadcrumb"},"inLanguage":"hu","potentialAction":[{"@type":"ReadAction","target":["https:\/\/ubytovanie-fortuna.sk\/sk\/ubytovanie-stravovanie-ceny\/"]}]},{"@type":"BreadcrumbList","@id":"https:\/\/ubytovanie-fortuna.sk\/sk\/ubytovanie-stravovanie-ceny\/#breadcrumb","itemListElement":[{"@type":"ListItem","position":1,"name":"Domovsk\u00e1 str\u00e1nka","item":"https:\/\/ubytovanie-fortuna.sk\/sk\/"},{"@type":"ListItem","position":2,"name":"Ubytovanie &#038; stravovanie"}]}]}},"_links":{"self":[{"href":"https:\/\/ubytovanie-fortuna.sk\/hu\/wp-json\/wp\/v2\/pages\/240"}],"collection":[{"href":"https:\/\/ubytovanie-fortuna.sk\/hu\/wp-json\/wp\/v2\/pages"}],"about":[{"href":"https:\/\/ubytovanie-fortuna.sk\/hu\/wp-json\/wp\/v2\/types\/page"}],"author":[{"embeddable":true,"href":"https:\/\/ubytovanie-fortuna.sk\/hu\/wp-json\/wp\/v2\/users\/3"}],"replies":[{"embeddable":true,"href":"https:\/\/ubytovanie-fortuna.sk\/hu\/wp-json\/wp\/v2\/comments?post=240"}],"version-history":[{"count":7,"href":"https:\/\/ubytovanie-fortuna.sk\/hu\/wp-json\/wp\/v2\/pages\/240\/revisions"}],"predecessor-version":[{"id":1706,"href":"https:\/\/ubytovanie-fortuna.sk\/hu\/wp-json\/wp\/v2\/pages\/240\/revisions\/1706"}],"wp:attachment":[{"href":"https:\/\/ubytovanie-fortuna.sk\/hu\/wp-json\/wp\/v2\/media?parent=240"}],"curies":[{"name":"wp","href":"https:\/\/api.w.org\/{rel}","templated":true}]}}