{"id":240,"date":"2016-05-01T22:42:52","date_gmt":"2016-05-01T20:42:52","guid":{"rendered":"http:\/\/ubytovanie-fortuna.sk\/?page_id=240"},"modified":"2025-08-07T10:57:01","modified_gmt":"2025-08-07T08:57:01","slug":"sluzby-ubytovanie-stravovanie","status":"publish","type":"page","link":"https:\/\/ubytovanie-fortuna.sk\/de\/pension-verpflegung-preise\/","title":{"rendered":"Pension &#038; Verpflegung"},"content":{"rendered":"<p><\/p>\n<h2>ACCOMMODATION, CATERING AND OTHER SERVICES<\/h2>\n<p>In the Pension Fortuna<br \/>\n<div tabindex=\"0\" class=\"cycloneslider cycloneslider-template-standard cycloneslider-width-full\" id=\"cycloneslider-ubytovanie-a-stravovanie-3\" > <div class=\"cycloneslider-slides cycle-slideshow\" data-cycle-allow-wrap=\"true\" data-cycle-dynamic-height=\"off\" data-cycle-auto-height=\"1920:1080\" data-cycle-auto-height-easing=\"null\" data-cycle-auto-height-speed=\"250\" data-cycle-delay=\"0\" data-cycle-easing=\"\" data-cycle-fx=\"fadeout\" data-cycle-hide-non-active=\"true\" data-cycle-log=\"false\" data-cycle-next=\"#cycloneslider-ubytovanie-a-stravovanie-3 .cycloneslider-next\" data-cycle-pager=\"#cycloneslider-ubytovanie-a-stravovanie-3 .cycloneslider-pager\" data-cycle-pause-on-hover=\"true\" data-cycle-prev=\"#cycloneslider-ubytovanie-a-stravovanie-3 .cycloneslider-prev\" data-cycle-slides=\"&gt; div\" data-cycle-speed=\"1000\" data-cycle-swipe=\"1\" data-cycle-tile-count=\"7\" data-cycle-tile-delay=\"100\" data-cycle-tile-vertical=\"true\" data-cycle-timeout=\"4000\" > <div class=\"cycloneslider-slide cycloneslider-slide-image\" > <img src=\"https:\/\/ubytovanie-fortuna.sk\/wp-content\/uploads\/2016\/07\/IMG_4379-1920x1080.jpg\" alt=\"\" title=\"\" \/> <\/div> <div class=\"cycloneslider-slide cycloneslider-slide-image\" > <img src=\"https:\/\/ubytovanie-fortuna.sk\/wp-content\/uploads\/2016\/06\/food-breakfast-egg-milk-1920x1080.jpg\" alt=\"\" title=\"\" \/> <\/div> <div class=\"cycloneslider-slide cycloneslider-slide-image\" > <img src=\"https:\/\/ubytovanie-fortuna.sk\/wp-content\/uploads\/2016\/07\/IMG_4526-1920x1080.jpg\" alt=\"\" title=\"\" \/> <\/div> <div class=\"cycloneslider-slide cycloneslider-slide-image\" > <img src=\"https:\/\/ubytovanie-fortuna.sk\/wp-content\/uploads\/2016\/05\/IMG_20170625_104354_BURST001_COVER_resized_20171212_115614880-1920x1080.jpg\" alt=\"\" title=\"\" \/> <\/div> <div class=\"cycloneslider-slide cycloneslider-slide-image\" > <img src=\"https:\/\/ubytovanie-fortuna.sk\/wp-content\/uploads\/2016\/08\/rsz_p3221448-1920x1080.jpg\" alt=\"\" title=\"\" \/> <\/div> <div class=\"cycloneslider-slide cycloneslider-slide-image\" > <img src=\"https:\/\/ubytovanie-fortuna.sk\/wp-content\/uploads\/2016\/06\/food-chicken-meat-outdoors-1920x1080.jpg\" alt=\"\" title=\"\" \/> <\/div> <div class=\"cycloneslider-slide cycloneslider-slide-image\" > <img src=\"https:\/\/ubytovanie-fortuna.sk\/wp-content\/uploads\/2021\/12\/IMG_20170625_104421_BURST001_COVER_resized_20170627_082118859-1920x1080.jpg\" alt=\"\" title=\"\" \/> <\/div> <\/div> <div class=\"cycloneslider-pager\"><\/div> <a href=\"#\" class=\"cycloneslider-prev\"> <span class=\"arrow\"><\/span> <\/a> <a href=\"#\" class=\"cycloneslider-next\"> <span class=\"arrow\"><\/span> <\/a> <\/div><\/p>\n<p>The\u00a0<strong>Pension Fortuna<\/strong>\u00a0is located in the village of Dem\u00e4nov\u00e1 in the picturesque mountains Low Tatras (Nizke Tatry).<\/p>\n<p><strong>The married couple who owns and runs the pension is the real heart of it.<\/strong> Making and serving breakfast to their guests by themselves as well as providing other services which are available in this facility gives a\u00a0feeling of pleasant domestic atmosphere. It is an ideal place for both the\u00a0winter and summer holiday.<\/p>\n<p><em>\u201cWe have gone a long way to earn our customers\u00b4 satisfaction. We have been trying to go ahead all the time and to provide high standard services. We refurbish and improve the pension within the realms of possibility.\u201d<\/em><\/p>\n<p>If there is everything white outside, you can be sure that you will experience an extraordinary skiing in the Low and High Tatras and then you can sit and relax in the warmth of Fortuna Pension with the fire crackling in the fireplace.<\/p>\n<p><strong>Welcome to our place.<\/strong><\/p>\n<table width=\"801\">\n<tbody>\n<tr>\n<td>Accommodation is available in double rooms (double bedded rooms) with one or two extra beds and apartments.<\/td>\n<td><\/td>\n<\/tr>\n<\/tbody>\n<\/table>\n<ul>\n<li><span style=\"text-decoration: underline;\"><a href=\"#Pricelist\">Pricelist<\/a><\/span><\/li>\n<li><span style=\"text-decoration: underline;\"><a href=\"#additional-info\">Additional information<\/a><\/span><\/li>\n<li><span style=\"text-decoration: underline;\"><a href=\"#cancellation\">Cancellation policy<\/a><\/span><\/li>\n<\/ul>\n<p>Not far from here there is the biggest ski centrum in Slovakia &#8211; \u00a0Ski Centre Jasn\u00e1, Thermal Park Be\u0161\u0148ov\u00e1, Aquapark Tatralandia with thermal pools, water reservoir Liptovsk\u00e1 Mara, Dem\u00e4novsk\u00e1 caves and many other interesting places for active relaxation and fun.<\/p>\n<p>All our ensuite rooms and apartments (suits) are equipped according to high standards and also our services can satisfy requests of various types of customers. Accommodation is available in double rooms (double bedded rooms)with one or two extra beds and apartments.<\/p>\n<p><strong>We are looking forward to your visit!<\/strong><\/p>\n<div class=\"container\">\n<div class=\"home_box\">\n<p>Apartments:<\/p>\n<ul>\n<li><strong>APP<\/strong>\u00a0&#8211; 2 double rooms\u00a0without extrabeds<\/li>\n<li><strong>AP\u013d<\/strong>\u00a0&#8211; 2 double rooms\u00a0with 1 extrabed<\/li>\n<li><strong>APN<\/strong>\u00a0&#8211; 2 double rooms with 1 extrabed<\/li>\n<\/ul>\n<\/div>\n<div class=\"home_box\">\n<p>Rooms.<\/p>\n<ul>\n<li><strong>Room n. 2<\/strong>\u00a0&#8211; triple room<\/li>\n<li><strong>Room n. 3<\/strong>\u00a0&#8211; double room with 1 extra bed<\/li>\n<li><strong>Room n. 4<\/strong>\u00a0&#8211; triple room with 1 extra bed<\/li>\n<li><strong>Room n. 5<\/strong>\u00a0&#8211; triple room with 1 extra bed<\/li>\n<li><strong>Room n. 6<\/strong>\u00a0&#8211; double room without extra beds<\/li>\n<\/ul>\n<\/div>\n<div class=\"clear\">\u00a0<strong>Apartment specification:<\/strong>\u00a0two double rooms each with SAT-TV and internet connection, fully equipped kitchen with a fridge at guests&#8216; disposal. We offer additional services together with accommodation.<\/div>\n<\/div>\n<p><strong>All ensuite double rooms (double bedded) are equipped with:<\/strong>\u00a0own bathroom (WC + shower) SAT -TV, fridge, internet connection and alarm. There are two fully equipped kitchens at guests&#8216; disposal (cooker, kettle, dishes, plates, cups, glasses, cutlery).<\/p>\n<p><strong>Tasty and rich breakfast will always lovingly prepared by the hosts Fortuna with homemade cakes or fresh pancakes with walnuts. The opportunity to order surcharge \u20ac 8.00 per adult; \u20ac 5.00 per child per day.<\/strong><\/p>\n<h2>OTHER SERVICES:<\/h2>\n<p>We welcome you in our bar, where you create delicious coffee, we caught the original regional beer ERB Bansk\u00e1 \u0160tiavnica;<\/p>\n<p>For tea lovers we have a selection of herbal teas Tatra original-mix for your needs.<\/p>\n<p>You can play tennis on the tennis court with artificial turf near the house Fortuna &#8211; 200 m.<\/p>\n<p><a name=\"Pricelist\"><\/a><\/p>\n<h2>Pricelist of apartments and rooms<\/h2>\n<div class=\"container\">\n<div class=\"home_box\"><b>Spring and Autumn<\/b><br \/>\n<strong>April 4<sup>th<\/sup> &#8211; May 31<sup>st<\/sup> \/ October 1<sup>st<\/sup> &#8211; November 11<sup>th<\/sup><\/strong><\/p>\n<table class=\"\u201ccen_tab\u201d\">\n<tbody>\n<tr>\n<td>bed<\/td>\n<td>26,0\u20ac<\/td>\n<\/tr>\n<tr>\n<td>extra bed<\/td>\n<td>17,0\u20ac<\/td>\n<\/tr>\n<tr>\n<td>apartment without a balcony<\/td>\n<td>104,0\u20ac<\/td>\n<\/tr>\n<tr>\n<td>apartment with a balcony<\/td>\n<td>108,0\u20ac<\/td>\n<\/tr>\n<\/tbody>\n<\/table>\n<\/div>\n<div class=\"home_box\"><b>Summer<\/b><br \/>\n<strong>June 1<sup>st<\/sup> &#8211; September 30<sup>th<\/sup><\/strong><\/p>\n<table class=\"\u201ccen_tab\u201d\">\n<tbody>\n<tr>\n<td>bed<\/td>\n<td>28,0\u20ac<\/td>\n<\/tr>\n<tr>\n<td>extra bed<\/td>\n<td>18,0\u20ac<\/td>\n<\/tr>\n<tr>\n<td>apartment without a balcony<\/td>\n<td>114,0\u20ac<\/td>\n<\/tr>\n<tr>\n<td>apartment with a balcony<\/td>\n<td>118,0\u20ac<\/td>\n<\/tr>\n<\/tbody>\n<\/table>\n<\/div>\n<div class=\"clear\"><\/div>\n<\/div>\n<div class=\"home_box\"><b>Winter<\/b><br \/>\n<strong>December 1<sup>st<\/sup> &#8211; April 3<sup>rd<\/sup><\/strong><\/p>\n<table class=\"\u201ccen_tab\u201d\">\n<tbody>\n<tr>\n<td>bed<\/td>\n<td>30,0\u20ac<\/td>\n<\/tr>\n<tr>\n<td>extra bed<\/td>\n<td>20,0\u20ac<\/td>\n<\/tr>\n<tr>\n<td>apartment without a balcony<\/td>\n<td>118,0\u20ac<\/td>\n<\/tr>\n<tr>\n<td>apartment with a balcony<\/td>\n<td>11220\u20ac<\/td>\n<\/tr>\n<\/tbody>\n<\/table>\n<div class=\"clear\"><\/div>\n<\/div>\n<div class=\"home_box\"><b>Christmas and New Year<\/b><br \/>\n<strong>December 24<sup>th<\/sup> &#8211; January 2<sup>nd<\/sup><\/strong><\/p>\n<table class=\"\u201ccen_tab\u201d\">\n<tbody>\n<tr>\n<td>bed<\/td>\n<td>38,0\u20ac<\/td>\n<\/tr>\n<tr>\n<td>extra bed<\/td>\n<td>24,0\u20ac<\/td>\n<\/tr>\n<tr>\n<td>apartment without a balcony<\/td>\n<td>134,0\u20ac<\/td>\n<\/tr>\n<tr>\n<td>apartment with a balcony<\/td>\n<td>138,0\u20ac<\/td>\n<\/tr>\n<\/tbody>\n<\/table>\n<\/div>\n<div class=\"clear\"><\/div>\n<p><a name=\"additional-info\"><\/a><\/p>\n<h2>Additional information:<\/h2>\n<ul>\n<li>Children with no claim for a bed have an\u00a0accommodation free of charge;<\/li>\n<li>The price of accommodation for\u00a01 person in a double room is + 50 % extra cost to a price of bed;<\/li>\n<li>The prce of renting a baby cot is 5 EUR for the whole stay;<\/li>\n<li>Check-in is between 4PM till 8PM. Guests are requested to check-out by 10AM;<\/li>\n<li>There is a strict <strong>no smoking<\/strong> policy inside the pension;<\/li>\n<li>Prices are calculated for one night stay without a tourist fee 1 EUR\/night\/person older 10 years;<\/li>\n<li>Prices are valid for booking 6 and more nights;<\/li>\n<li>Apartment price is for 4 people, extra bed costs extra fee;<\/li>\n<li>It is possible to accommodate a pet;<\/li>\n<li>It is possible to pay by credit cards:\u00a0<strong>MasterCard, Maestro, Visa, Visa Electron &#8211; When paying by card, we charge an additional 2% of the amount paid.<\/strong><\/li>\n<li><strong>The use of sauna is not included in the accommodation price &#8211;\u00a0<\/strong>the price for one person for one hour is 8 EUR;<\/li>\n<li><strong>Sauna is free when booking a package;<\/strong><\/li>\n<\/ul>\n<h2 id=\"cancellation\"><strong>Cancellation policy<\/strong>:<\/h2>\n<div id=\"text_25\">\n<ul>\n<li>In case of cancellation 2 weeks or more before the date of your arrival, we will refund 50% of the deposit paid.<\/li>\n<li>In case you cancell the reservation less than 2 weeks before the agreed date of arrival or in case of premature leave from your side, the paid sum (or a part from it) will be not returned.<\/li>\n<\/ul>\n<\/div>\n<p>\n    <div id=\"parallax_container560\" class=\"parallax-window-container adamrob_parallax_fullwidth \">\n\n\t<div id=\"parallax_560\" class=\"adamrob_parallax adamrob_parallax_fullwidth \" \n\t            \t\t\t\t\tstyle=\"height:500px; \" \n\t            \t\t\t\t\tdata-parallax=\"scroll\" data-image-src=\"https:\/\/ubytovanie-fortuna.sk\/wp-content\/uploads\/2016\/08\/rsz_img_4638-1.jpg\" \n\t            \t\t\t\t\tdata-z-Index=\"1\" \n\t            \t\t\t\t\tdata-ios-fix=\"true\" \n\t            \t\t\t\t\tdata-android-fix=\"true\"\n\t            \t\t\t\t\tdata-speed=\"0.4\">\n\n\n\n\t\t<div id=\"parallax_560_content\" class=\"adamrob_pcontainer\" style=\"height:500px;\">\n\n\t\t\n\t\t\t<table style=\"width:100%; height:100%; border-style:none; margin:0;\">\n\t\t\t\t<tr>\n\t\t\t\t\t<td class=\"parallax-header\" style=\"text-align:center; vertical-align:middle; padding:20px; border-style:none;\">\n\t\t\t\t\t\t<div id=\"parallax_560_posttitle\" class=\"adamrob_parallax_posttitle\" style=\"\">\n\t\t\t\t\t\t\t\t\t\t\t\t\t<\/div>\n\t\t\t\t\t<\/td>\n\t\t\t\t<\/tr>\n\t\t\t<\/table>\n\n\t\t\n\n\t\t<\/div>\n\n<\/div>\n\t\n\t\t    <\/div>\n\t<\/p>","protected":false},"excerpt":{"rendered":"<p>ACCOMMODATION, CATERING AND OTHER SERVICES In the Pension Fortuna The\u00a0Pension Fortuna\u00a0is located in the village of Dem\u00e4nov\u00e1 in the picturesque mountains Low Tatras (Nizke Tatry). The married couple who owns and runs the pension is the real heart of it. Making and serving breakfast to their guests by themselves as well as providing other services [&hellip;]<\/p>\n","protected":false},"author":3,"featured_media":0,"parent":0,"menu_order":0,"comment_status":"closed","ping_status":"closed","template":"","meta":{"_monsterinsights_skip_tracking":false,"_monsterinsights_sitenote_active":false,"_monsterinsights_sitenote_note":"","_monsterinsights_sitenote_category":0},"yoast_head":"<!-- This site is optimized with the Yoast SEO plugin v17.7.1 - https:\/\/yoast.com\/wordpress\/plugins\/seo\/ -->\n<meta name=\"description\" content=\"(Sloven\u010dina) Penzi\u00f3ne Fortuna - Cenn\u00edk apar\u00e1tm\u00e1nov, izieb, ubytovania, stravovania a slu\u017eieb v Penzi\u00f3ne Fortuna, Dem\u00e4nov\u00e1, Liptovsk\u00fd Mikul\u00e1\u0161, Slovensko\" \/>\n<meta name=\"robots\" content=\"index, follow, max-snippet:-1, max-image-preview:large, max-video-preview:-1\" \/>\n<link rel=\"canonical\" href=\"https:\/\/ubytovanie-fortuna.sk\/sk\/ubytovanie-stravovanie-ceny\/\" \/>\n<meta property=\"og:locale\" content=\"de_DE\" \/>\n<meta property=\"og:type\" content=\"article\" \/>\n<meta property=\"og:title\" content=\"Pension &amp; Verpflegung - Penzi\u00f3n Fortuna\" \/>\n<meta property=\"og:description\" content=\"{:sk}Penzi\u00f3ne Fortuna - Cenn\u00edk apar\u00e1tm\u00e1nov, izieb, ubytovania, stravovania a slu\u017eieb v Penzi\u00f3ne Fortuna, Dem\u00e4nov\u00e1, Liptovsk\u00fd Mikul\u00e1\u0161, Slovensko{:}\" \/>\n<meta property=\"og:url\" content=\"https:\/\/ubytovanie-fortuna.sk\/sk\/ubytovanie-stravovanie-ceny\/\" \/>\n<meta property=\"og:site_name\" content=\"Penzi\u00f3n Fortuna\" \/>\n<meta property=\"article:modified_time\" content=\"2025-08-07T08:57:01+00:00\" \/>\n<meta name=\"twitter:card\" content=\"summary\" \/>\n<meta name=\"twitter:label1\" content=\"Gesch\u00e4tzte Lesezeit\" \/>\n\t<meta name=\"twitter:data1\" content=\"4\u00a0Minuten\" \/>\n<script type=\"application\/ld+json\" class=\"yoast-schema-graph\">{\"@context\":\"https:\/\/schema.org\",\"@graph\":[{\"@type\":\"WebSite\",\"@id\":\"https:\/\/ubytovanie-fortuna.sk\/sk\/#website\",\"url\":\"https:\/\/ubytovanie-fortuna.sk\/sk\/\",\"name\":\"Penzi\\u00f3n Fortuna\",\"description\":\"Ubytovanie Dem\\u00e4nov\\u00e1, Slovensko\",\"potentialAction\":[{\"@type\":\"SearchAction\",\"target\":{\"@type\":\"EntryPoint\",\"urlTemplate\":\"https:\/\/ubytovanie-fortuna.sk\/sk\/?s={search_term_string}\"},\"query-input\":\"required name=search_term_string\"}],\"inLanguage\":\"de\"},{\"@type\":\"WebPage\",\"@id\":\"https:\/\/ubytovanie-fortuna.sk\/sk\/ubytovanie-stravovanie-ceny\/#webpage\",\"url\":\"https:\/\/ubytovanie-fortuna.sk\/sk\/ubytovanie-stravovanie-ceny\/\",\"name\":\"Pension & Verpflegung - Penzi\\u00f3n Fortuna\",\"isPartOf\":{\"@id\":\"https:\/\/ubytovanie-fortuna.sk\/sk\/#website\"},\"datePublished\":\"2016-05-01T20:42:52+00:00\",\"dateModified\":\"2025-08-07T08:57:01+00:00\",\"description\":\"{:sk}Penzi\\u00f3ne Fortuna - Cenn\\u00edk apar\\u00e1tm\\u00e1nov, izieb, ubytovania, stravovania a slu\\u017eieb v Penzi\\u00f3ne Fortuna, Dem\\u00e4nov\\u00e1, Liptovsk\\u00fd Mikul\\u00e1\\u0161, Slovensko{:}\",\"breadcrumb\":{\"@id\":\"https:\/\/ubytovanie-fortuna.sk\/sk\/ubytovanie-stravovanie-ceny\/#breadcrumb\"},\"inLanguage\":\"de\",\"potentialAction\":[{\"@type\":\"ReadAction\",\"target\":[\"https:\/\/ubytovanie-fortuna.sk\/sk\/ubytovanie-stravovanie-ceny\/\"]}]},{\"@type\":\"BreadcrumbList\",\"@id\":\"https:\/\/ubytovanie-fortuna.sk\/sk\/ubytovanie-stravovanie-ceny\/#breadcrumb\",\"itemListElement\":[{\"@type\":\"ListItem\",\"position\":1,\"name\":\"Domovsk\\u00e1 str\\u00e1nka\",\"item\":\"https:\/\/ubytovanie-fortuna.sk\/sk\/\"},{\"@type\":\"ListItem\",\"position\":2,\"name\":\"Ubytovanie &#038; stravovanie\"}]}]}<\/script>\n<!-- \/ Yoast SEO plugin. -->","yoast_head_json":{"description":"(Sloven\u010dina) Penzi\u00f3ne Fortuna - Cenn\u00edk apar\u00e1tm\u00e1nov, izieb, ubytovania, stravovania a slu\u017eieb v Penzi\u00f3ne Fortuna, Dem\u00e4nov\u00e1, Liptovsk\u00fd Mikul\u00e1\u0161, Slovensko","robots":{"index":"index","follow":"follow","max-snippet":"max-snippet:-1","max-image-preview":"max-image-preview:large","max-video-preview":"max-video-preview:-1"},"canonical":"https:\/\/ubytovanie-fortuna.sk\/sk\/ubytovanie-stravovanie-ceny\/","og_locale":"de_DE","og_type":"article","og_title":"Pension & Verpflegung - Penzi\u00f3n Fortuna","og_description":"{:sk}Penzi\u00f3ne Fortuna - Cenn\u00edk apar\u00e1tm\u00e1nov, izieb, ubytovania, stravovania a slu\u017eieb v Penzi\u00f3ne Fortuna, Dem\u00e4nov\u00e1, Liptovsk\u00fd Mikul\u00e1\u0161, Slovensko{:}","og_url":"https:\/\/ubytovanie-fortuna.sk\/sk\/ubytovanie-stravovanie-ceny\/","og_site_name":"Penzi\u00f3n Fortuna","article_modified_time":"2025-08-07T08:57:01+00:00","twitter_card":"summary","twitter_misc":{"Gesch\u00e4tzte Lesezeit":"4\u00a0Minuten"},"schema":{"@context":"https:\/\/schema.org","@graph":[{"@type":"WebSite","@id":"https:\/\/ubytovanie-fortuna.sk\/sk\/#website","url":"https:\/\/ubytovanie-fortuna.sk\/sk\/","name":"Penzi\u00f3n Fortuna","description":"Ubytovanie Dem\u00e4nov\u00e1, Slovensko","potentialAction":[{"@type":"SearchAction","target":{"@type":"EntryPoint","urlTemplate":"https:\/\/ubytovanie-fortuna.sk\/sk\/?s={search_term_string}"},"query-input":"required name=search_term_string"}],"inLanguage":"de"},{"@type":"WebPage","@id":"https:\/\/ubytovanie-fortuna.sk\/sk\/ubytovanie-stravovanie-ceny\/#webpage","url":"https:\/\/ubytovanie-fortuna.sk\/sk\/ubytovanie-stravovanie-ceny\/","name":"Pension & Verpflegung - Penzi\u00f3n Fortuna","isPartOf":{"@id":"https:\/\/ubytovanie-fortuna.sk\/sk\/#website"},"datePublished":"2016-05-01T20:42:52+00:00","dateModified":"2025-08-07T08:57:01+00:00","description":"{:sk}Penzi\u00f3ne Fortuna - Cenn\u00edk apar\u00e1tm\u00e1nov, izieb, ubytovania, stravovania a slu\u017eieb v Penzi\u00f3ne Fortuna, Dem\u00e4nov\u00e1, Liptovsk\u00fd Mikul\u00e1\u0161, Slovensko{:}","breadcrumb":{"@id":"https:\/\/ubytovanie-fortuna.sk\/sk\/ubytovanie-stravovanie-ceny\/#breadcrumb"},"inLanguage":"de","potentialAction":[{"@type":"ReadAction","target":["https:\/\/ubytovanie-fortuna.sk\/sk\/ubytovanie-stravovanie-ceny\/"]}]},{"@type":"BreadcrumbList","@id":"https:\/\/ubytovanie-fortuna.sk\/sk\/ubytovanie-stravovanie-ceny\/#breadcrumb","itemListElement":[{"@type":"ListItem","position":1,"name":"Domovsk\u00e1 str\u00e1nka","item":"https:\/\/ubytovanie-fortuna.sk\/sk\/"},{"@type":"ListItem","position":2,"name":"Ubytovanie &#038; stravovanie"}]}]}},"_links":{"self":[{"href":"https:\/\/ubytovanie-fortuna.sk\/de\/wp-json\/wp\/v2\/pages\/240"}],"collection":[{"href":"https:\/\/ubytovanie-fortuna.sk\/de\/wp-json\/wp\/v2\/pages"}],"about":[{"href":"https:\/\/ubytovanie-fortuna.sk\/de\/wp-json\/wp\/v2\/types\/page"}],"author":[{"embeddable":true,"href":"https:\/\/ubytovanie-fortuna.sk\/de\/wp-json\/wp\/v2\/users\/3"}],"replies":[{"embeddable":true,"href":"https:\/\/ubytovanie-fortuna.sk\/de\/wp-json\/wp\/v2\/comments?post=240"}],"version-history":[{"count":7,"href":"https:\/\/ubytovanie-fortuna.sk\/de\/wp-json\/wp\/v2\/pages\/240\/revisions"}],"predecessor-version":[{"id":1706,"href":"https:\/\/ubytovanie-fortuna.sk\/de\/wp-json\/wp\/v2\/pages\/240\/revisions\/1706"}],"wp:attachment":[{"href":"https:\/\/ubytovanie-fortuna.sk\/de\/wp-json\/wp\/v2\/media?parent=240"}],"curies":[{"name":"wp","href":"https:\/\/api.w.org\/{rel}","templated":true}]}}